{"id":2727,"date":"2025-02-28T13:29:14","date_gmt":"2025-02-28T12:29:14","guid":{"rendered":"http:\/\/www.beau-rivage-hotel.ch\/?page_id=2727"},"modified":"2025-04-09T11:08:54","modified_gmt":"2025-04-09T09:08:54","slug":"avantages-partenaires","status":"publish","type":"page","link":"https:\/\/www.beau-rivage-hotel.ch\/fr\/avantages-partenaires\/","title":{"rendered":"Avantages Partenaires"},"content":{"rendered":"\t\t<div data-elementor-type=\"wp-page\" data-elementor-id=\"2727\" class=\"elementor elementor-2727\" data-elementor-post-type=\"page\">\n\t\t\t\t<div class=\"elementor-element elementor-element-36ca8da e-con-full e-flex e-con e-parent\" data-id=\"36ca8da\" data-element_type=\"container\" data-settings=\"{&quot;background_background&quot;:&quot;classic&quot;}\">\n\t\t\t\t<div class=\"elementor-element elementor-element-a635c29 animated-fast elementor-invisible elementor-widget elementor-widget-heading\" data-id=\"a635c29\" data-element_type=\"widget\" data-settings=\"{&quot;_animation&quot;:&quot;fadeInUp&quot;}\" data-widget_type=\"heading.default\">\n\t\t\t\t\t<h1 class=\"elementor-heading-title elementor-size-default\">Avantages Partenaires<\/h1>\t\t\t\t<\/div>\n\t\t\t\t<div class=\"elementor-element elementor-element-c990397 animated-fast elementor-invisible elementor-widget elementor-widget-heading\" data-id=\"c990397\" data-element_type=\"widget\" data-settings=\"{&quot;_animation&quot;:&quot;fadeInUp&quot;}\" data-widget_type=\"heading.default\">\n\t\t\t\t\t<h2 class=\"elementor-heading-title elementor-size-default\"><a href=\"#first-section\">D\u00e9couvrir<\/a><\/h2>\t\t\t\t<\/div>\n\t\t\t\t<div class=\"elementor-element elementor-element-5dc6cc3 elementor-widget__width-auto animated-fast e-transform elementor-widget-divider--view-line elementor-invisible elementor-widget elementor-widget-divider\" data-id=\"5dc6cc3\" data-element_type=\"widget\" data-settings=\"{&quot;_animation&quot;:&quot;fadeInUp&quot;,&quot;_transform_rotateZ_effect&quot;:{&quot;unit&quot;:&quot;px&quot;,&quot;size&quot;:90,&quot;sizes&quot;:[]},&quot;_transform_rotateZ_effect_laptop&quot;:{&quot;unit&quot;:&quot;deg&quot;,&quot;size&quot;:&quot;&quot;,&quot;sizes&quot;:[]},&quot;_transform_rotateZ_effect_tablet_extra&quot;:{&quot;unit&quot;:&quot;deg&quot;,&quot;size&quot;:&quot;&quot;,&quot;sizes&quot;:[]},&quot;_transform_rotateZ_effect_tablet&quot;:{&quot;unit&quot;:&quot;deg&quot;,&quot;size&quot;:&quot;&quot;,&quot;sizes&quot;:[]},&quot;_transform_rotateZ_effect_mobile_extra&quot;:{&quot;unit&quot;:&quot;deg&quot;,&quot;size&quot;:&quot;&quot;,&quot;sizes&quot;:[]},&quot;_transform_rotateZ_effect_mobile&quot;:{&quot;unit&quot;:&quot;deg&quot;,&quot;size&quot;:&quot;&quot;,&quot;sizes&quot;:[]}}\" data-widget_type=\"divider.default\">\n\t\t\t\t\t\t\t<div class=\"elementor-divider\">\n\t\t\t<span class=\"elementor-divider-separator\">\n\t\t\t\t\t\t<\/span>\n\t\t<\/div>\n\t\t\t\t\t\t<\/div>\n\t\t\t\t<\/div>\n\t\t<div class=\"elementor-element elementor-element-8911448 e-flex e-con-boxed e-con e-parent\" data-id=\"8911448\" data-element_type=\"container\" id=\"first-section\">\n\t\t\t\t\t<div class=\"e-con-inner\">\n\t\t\t\t<div class=\"elementor-element elementor-element-1e41b67 elementor-widget elementor-widget-text-editor\" data-id=\"1e41b67\" data-element_type=\"widget\" data-widget_type=\"text-editor.default\">\n\t\t\t\t\t\t\t\t\t<p class=\"p1\">Profitez d&rsquo;avantages exclusifs en tant que client de notre h\u00f4tel !<\/p>\t\t\t\t\t\t\t\t<\/div>\n\t\t\t\t<div class=\"elementor-element elementor-element-f3f852c elementor-widget elementor-widget-text-editor\" data-id=\"f3f852c\" data-element_type=\"widget\" data-widget_type=\"text-editor.default\">\n\t\t\t\t\t\t\t\t\t<p class=\"p1\">En s\u00e9journant chez nous, vous b\u00e9n\u00e9ficiez de tarifs pr\u00e9f\u00e9rentiels chez nos partenaires. D\u00e9couvrez nos offres sp\u00e9ciales :<\/p>\t\t\t\t\t\t\t\t<\/div>\n\t\t\t\t\t<\/div>\n\t\t\t\t<\/div>\n\t\t<div class=\"elementor-element elementor-element-46b54b8 e-flex e-con-boxed e-con e-parent\" data-id=\"46b54b8\" data-element_type=\"container\">\n\t\t\t\t\t<div class=\"e-con-inner\">\n\t\t<div class=\"elementor-element elementor-element-22796e4 e-con-full e-flex e-con e-child\" data-id=\"22796e4\" data-element_type=\"container\">\n\t\t\t\t<div class=\"elementor-element elementor-element-02a2f8c elementor-widget elementor-widget-image\" data-id=\"02a2f8c\" data-element_type=\"widget\" data-widget_type=\"image.default\">\n\t\t\t\t\t\t\t\t\t\t\t\t\t\t\t<img decoding=\"async\" src=\"https:\/\/www.beau-rivage-hotel.ch\/wp-content\/uploads\/elementor\/thumbs\/unnamed-r40g2pb1lqhij113jp1a0znuamt9ngym6lmzqrti24.jpg\" title=\"unnamed\" alt=\"unnamed\" loading=\"lazy\" \/>\t\t\t\t\t\t\t\t\t\t\t\t\t\t\t<\/div>\n\t\t<div class=\"elementor-element elementor-element-016d0e9 e-con-full e-flex e-con e-child\" data-id=\"016d0e9\" data-element_type=\"container\" data-settings=\"{&quot;background_background&quot;:&quot;classic&quot;}\">\n\t\t\t\t<div class=\"elementor-element elementor-element-25ccb80 elementor-widget elementor-widget-heading\" data-id=\"25ccb80\" data-element_type=\"widget\" data-widget_type=\"heading.default\">\n\t\t\t\t\t<h2 class=\"elementor-heading-title elementor-size-default\">Golf de Neuch\u00e2tel<\/h2>\t\t\t\t<\/div>\n\t\t\t\t<div class=\"elementor-element elementor-element-d84f03a elementor-widget elementor-widget-text-editor\" data-id=\"d84f03a\" data-element_type=\"widget\" data-widget_type=\"text-editor.default\">\n\t\t\t\t\t\t\t\t\t<p>80 CHF pour 18 trous en semaine, 100 CHF les weekends et jours f\u00e9ri\u00e9s.<\/p><p>\u00a0<\/p><p>D\u00e9couvrez un cadre privil\u00e9gi\u00e9 offrant un panorama majestueux sur les Alpes pour la reconnexion absolue de l&rsquo;esprit et des sens.<\/p>\t\t\t\t\t\t\t\t<\/div>\n\t\t\t\t<\/div>\n\t\t\t\t<\/div>\n\t\t<div class=\"elementor-element elementor-element-a81bdf9 e-con-full e-flex e-con e-child\" data-id=\"a81bdf9\" data-element_type=\"container\">\n\t\t\t\t<div class=\"elementor-element elementor-element-f270dd6 elementor-widget__width-auto elementor-widget elementor-widget-image\" data-id=\"f270dd6\" data-element_type=\"widget\" data-widget_type=\"image.default\">\n\t\t\t\t\t\t\t\t\t\t\t\t\t\t\t<img decoding=\"async\" src=\"https:\/\/www.beau-rivage-hotel.ch\/wp-content\/uploads\/elementor\/thumbs\/processed-71DB346D-091F-4B16-B954-77C7D35D3323-r40g2pb1lqhij113jp1a0znuamt9ngym6lmzqrti24.jpeg\" title=\"processed-71DB346D-091F-4B16-B954-77C7D35D3323\" alt=\"processed-71DB346D-091F-4B16-B954-77C7D35D3323\" loading=\"lazy\" \/>\t\t\t\t\t\t\t\t\t\t\t\t\t\t\t<\/div>\n\t\t<div class=\"elementor-element elementor-element-81ffe7b e-con-full e-flex e-con e-child\" data-id=\"81ffe7b\" data-element_type=\"container\" data-settings=\"{&quot;background_background&quot;:&quot;classic&quot;}\">\n\t\t\t\t<div class=\"elementor-element elementor-element-afb9a7b elementor-widget elementor-widget-heading\" data-id=\"afb9a7b\" data-element_type=\"widget\" data-widget_type=\"heading.default\">\n\t\t\t\t\t<h2 class=\"elementor-heading-title elementor-size-default\">GOLF Indoor <\/h2>\t\t\t\t<\/div>\n\t\t\t\t<div class=\"elementor-element elementor-element-45070ed elementor-widget elementor-widget-text-editor\" data-id=\"45070ed\" data-element_type=\"widget\" data-widget_type=\"text-editor.default\">\n\t\t\t\t\t\t\t\t\t<p>10 % de r\u00e9duction sur l\u2019activit\u00e9.<\/p><p>\u00a0<\/p><p>Le Bogey Club est un espace de 240m2 d\u00e9di\u00e9 au Golf Indoor sur simulateurs Trackman iO.<\/p>\t\t\t\t\t\t\t\t<\/div>\n\t\t\t\t<\/div>\n\t\t\t\t<\/div>\n\t\t<div class=\"elementor-element elementor-element-4dcadfe e-con-full elementor-hidden-desktop elementor-hidden-laptop elementor-hidden-tablet_extra elementor-hidden-tablet elementor-hidden-mobile_extra elementor-hidden-mobile e-flex e-con e-child\" data-id=\"4dcadfe\" data-element_type=\"container\">\n\t\t\t\t<div class=\"elementor-element elementor-element-b60c554 elementor-widget elementor-widget-image\" data-id=\"b60c554\" data-element_type=\"widget\" data-widget_type=\"image.default\">\n\t\t\t\t\t\t\t\t\t\t\t\t\t\t\t<img fetchpriority=\"high\" decoding=\"async\" width=\"800\" height=\"534\" src=\"https:\/\/www.beau-rivage-hotel.ch\/wp-content\/uploads\/2025\/02\/pawel-czerwinski-xubOAAKUwXc-unsplash-1024x683.jpg\" class=\"attachment-large size-large wp-image-2731\" alt=\"\" srcset=\"https:\/\/www.beau-rivage-hotel.ch\/wp-content\/uploads\/2025\/02\/pawel-czerwinski-xubOAAKUwXc-unsplash-1024x683.jpg 1024w, https:\/\/www.beau-rivage-hotel.ch\/wp-content\/uploads\/2025\/02\/pawel-czerwinski-xubOAAKUwXc-unsplash-300x200.jpg 300w, https:\/\/www.beau-rivage-hotel.ch\/wp-content\/uploads\/2025\/02\/pawel-czerwinski-xubOAAKUwXc-unsplash-768x512.jpg 768w, https:\/\/www.beau-rivage-hotel.ch\/wp-content\/uploads\/2025\/02\/pawel-czerwinski-xubOAAKUwXc-unsplash-1536x1024.jpg 1536w, https:\/\/www.beau-rivage-hotel.ch\/wp-content\/uploads\/2025\/02\/pawel-czerwinski-xubOAAKUwXc-unsplash-2048x1365.jpg 2048w, https:\/\/www.beau-rivage-hotel.ch\/wp-content\/uploads\/2025\/02\/pawel-czerwinski-xubOAAKUwXc-unsplash-18x12.jpg 18w\" sizes=\"(max-width: 800px) 100vw, 800px\" \/>\t\t\t\t\t\t\t\t\t\t\t\t\t\t\t<\/div>\n\t\t<div class=\"elementor-element elementor-element-f8bd920 e-con-full e-flex e-con e-child\" data-id=\"f8bd920\" data-element_type=\"container\" data-settings=\"{&quot;background_background&quot;:&quot;classic&quot;}\">\n\t\t\t\t<div class=\"elementor-element elementor-element-49f63c0 elementor-widget elementor-widget-heading\" data-id=\"49f63c0\" data-element_type=\"widget\" data-widget_type=\"heading.default\">\n\t\t\t\t\t<h2 class=\"elementor-heading-title elementor-size-default\">\u0152uvres d\u2019art<\/h2>\t\t\t\t<\/div>\n\t\t\t\t<div class=\"elementor-element elementor-element-7653678 elementor-widget elementor-widget-text-editor\" data-id=\"7653678\" data-element_type=\"widget\" data-widget_type=\"text-editor.default\">\n\t\t\t\t\t\t\t\t\t<p>10 CHF de r\u00e9duction sur l\u2019achat de nos tableaux expos\u00e9s \u00e0 l\u2019h\u00f4tel.<\/p>\t\t\t\t\t\t\t\t<\/div>\n\t\t\t\t<\/div>\n\t\t\t\t<\/div>\n\t\t<div class=\"elementor-element elementor-element-949e285 e-con-full elementor-hidden-desktop elementor-hidden-laptop elementor-hidden-tablet_extra elementor-hidden-tablet elementor-hidden-mobile_extra elementor-hidden-mobile e-flex e-con e-child\" data-id=\"949e285\" data-element_type=\"container\">\n\t\t\t\t<div class=\"elementor-element elementor-element-11b1d44 elementor-widget elementor-widget-image\" data-id=\"11b1d44\" data-element_type=\"widget\" data-widget_type=\"image.default\">\n\t\t\t\t\t\t\t\t\t\t\t\t\t\t\t<img decoding=\"async\" width=\"800\" height=\"534\" src=\"https:\/\/www.beau-rivage-hotel.ch\/wp-content\/uploads\/2025\/02\/andrea-natali-otjiUhq5Zcw-unsplash-1024x683.jpg\" class=\"attachment-large size-large wp-image-2730\" alt=\"\" srcset=\"https:\/\/www.beau-rivage-hotel.ch\/wp-content\/uploads\/2025\/02\/andrea-natali-otjiUhq5Zcw-unsplash-1024x683.jpg 1024w, https:\/\/www.beau-rivage-hotel.ch\/wp-content\/uploads\/2025\/02\/andrea-natali-otjiUhq5Zcw-unsplash-300x200.jpg 300w, https:\/\/www.beau-rivage-hotel.ch\/wp-content\/uploads\/2025\/02\/andrea-natali-otjiUhq5Zcw-unsplash-768x512.jpg 768w, https:\/\/www.beau-rivage-hotel.ch\/wp-content\/uploads\/2025\/02\/andrea-natali-otjiUhq5Zcw-unsplash-1536x1024.jpg 1536w, https:\/\/www.beau-rivage-hotel.ch\/wp-content\/uploads\/2025\/02\/andrea-natali-otjiUhq5Zcw-unsplash-2048x1365.jpg 2048w, https:\/\/www.beau-rivage-hotel.ch\/wp-content\/uploads\/2025\/02\/andrea-natali-otjiUhq5Zcw-unsplash-18x12.jpg 18w\" sizes=\"(max-width: 800px) 100vw, 800px\" \/>\t\t\t\t\t\t\t\t\t\t\t\t\t\t\t<\/div>\n\t\t<div class=\"elementor-element elementor-element-be3cc07 e-con-full e-flex e-con e-child\" data-id=\"be3cc07\" data-element_type=\"container\" data-settings=\"{&quot;background_background&quot;:&quot;classic&quot;}\">\n\t\t\t\t<div class=\"elementor-element elementor-element-64c4919 elementor-widget elementor-widget-heading\" data-id=\"64c4919\" data-element_type=\"widget\" data-widget_type=\"heading.default\">\n\t\t\t\t\t<h2 class=\"elementor-heading-title elementor-size-default\">Bijouterie Michaud<\/h2>\t\t\t\t<\/div>\n\t\t\t\t<div class=\"elementor-element elementor-element-6b27636 elementor-widget elementor-widget-text-editor\" data-id=\"6b27636\" data-element_type=\"widget\" data-widget_type=\"text-editor.default\">\n\t\t\t\t\t\t\t\t\t<p>50 \u20ac de r\u00e9duction pour la cr\u00e9ation d\u2019une montre sur mesure.<\/p>\t\t\t\t\t\t\t\t<\/div>\n\t\t\t\t<\/div>\n\t\t\t\t<\/div>\n\t\t<div class=\"elementor-element elementor-element-7d2061a e-con-full elementor-hidden-desktop elementor-hidden-laptop elementor-hidden-tablet_extra elementor-hidden-tablet elementor-hidden-mobile_extra elementor-hidden-mobile e-flex e-con e-child\" data-id=\"7d2061a\" data-element_type=\"container\">\n\t\t\t\t<div class=\"elementor-element elementor-element-ec7e68e elementor-widget elementor-widget-image\" data-id=\"ec7e68e\" data-element_type=\"widget\" data-widget_type=\"image.default\">\n\t\t\t\t\t\t\t\t\t\t\t\t\t\t\t<img decoding=\"async\" width=\"629\" height=\"342\" src=\"https:\/\/www.beau-rivage-hotel.ch\/wp-content\/uploads\/2025\/03\/jnmn.jpg\" class=\"attachment-large size-large wp-image-2765\" alt=\"\" srcset=\"https:\/\/www.beau-rivage-hotel.ch\/wp-content\/uploads\/2025\/03\/jnmn.jpg 629w, https:\/\/www.beau-rivage-hotel.ch\/wp-content\/uploads\/2025\/03\/jnmn-300x163.jpg 300w, https:\/\/www.beau-rivage-hotel.ch\/wp-content\/uploads\/2025\/03\/jnmn-18x10.jpg 18w\" sizes=\"(max-width: 629px) 100vw, 629px\" \/>\t\t\t\t\t\t\t\t\t\t\t\t\t\t\t<\/div>\n\t\t<div class=\"elementor-element elementor-element-8c8ba23 e-con-full e-flex e-con e-child\" data-id=\"8c8ba23\" data-element_type=\"container\" data-settings=\"{&quot;background_background&quot;:&quot;classic&quot;}\">\n\t\t\t\t<div class=\"elementor-element elementor-element-cadf355 elementor-widget elementor-widget-heading\" data-id=\"cadf355\" data-element_type=\"widget\" data-widget_type=\"heading.default\">\n\t\t\t\t\t<h2 class=\"elementor-heading-title elementor-size-default\">Visite Zenith<\/h2>\t\t\t\t<\/div>\n\t\t\t\t<div class=\"elementor-element elementor-element-d3f1a32 elementor-widget elementor-widget-text-editor\" data-id=\"d3f1a32\" data-element_type=\"widget\" data-widget_type=\"text-editor.default\">\n\t\t\t\t\t\t\t\t\t<p>Profitez de notre bon cadeau exclusif incluant un s\u00e9jour \u00e0 l&rsquo;h\u00f4tel, une visite de l&rsquo;atelier horloger Zenith et un repas au restaurant. Un tarif avantageux pour une exp\u00e9rience hors du temps.<\/p><p>\u00a0<\/p><p><a href=\"https:\/\/watchexplorer.swiss\/\" target=\"_blank\" rel=\"noopener\"><u>Plus d\u2019informations<\/u><\/a><\/p>\t\t\t\t\t\t\t\t<\/div>\n\t\t\t\t<\/div>\n\t\t\t\t<\/div>\n\t\t\t\t\t<\/div>\n\t\t\t\t<\/div>\n\t\t\t\t<\/div>\n\t\t","protected":false},"excerpt":{"rendered":"<p>Avantages Partenaires D\u00e9couvrir Profitez d&rsquo;avantages exclusifs en tant que client de notre h\u00f4tel ! En s\u00e9journant chez nous, vous b\u00e9n\u00e9ficiez de tarifs pr\u00e9f\u00e9rentiels chez nos partenaires. D\u00e9couvrez nos offres sp\u00e9ciales : Golf de Neuch\u00e2tel 80 CHF pour 18 trous en semaine, 100 CHF les weekends et jours f\u00e9ri\u00e9s. D\u00e9couvrez un cadre privil\u00e9gi\u00e9 offrant un panorama [&hellip;]<\/p>\n","protected":false},"author":1,"featured_media":0,"parent":0,"menu_order":0,"comment_status":"closed","ping_status":"closed","template":"","meta":{"_acf_changed":false,"footnotes":""},"class_list":["post-2727","page","type-page","status-publish","hentry"],"acf":[],"yoast_head":"<!-- This site is optimized with the Yoast SEO plugin v24.8.1 - https:\/\/yoast.com\/wordpress\/plugins\/seo\/ -->\n<title>Avantages Partenaires - Beau-Rivage Hotel ***** Neuch\u00e2tel en Suisse<\/title>\n<meta name=\"description\" content=\"Profitez d&#039;avantages exclusifs et de tarifs pr\u00e9f\u00e9rentiels chez nos partenaires en s\u00e9journant au Beau-Rivage Hotel.\" \/>\n<meta name=\"robots\" content=\"index, follow, max-snippet:-1, max-image-preview:large, max-video-preview:-1\" \/>\n<link rel=\"canonical\" href=\"https:\/\/www.beau-rivage-hotel.ch\/fr\/avantages-partenaires\/\" \/>\n<meta property=\"og:locale\" content=\"fr_FR\" \/>\n<meta property=\"og:type\" content=\"article\" \/>\n<meta property=\"og:title\" content=\"Avantages Partenaires - Beau-Rivage Hotel ***** Neuch\u00e2tel en Suisse\" \/>\n<meta property=\"og:description\" content=\"Profitez d&#039;avantages exclusifs et de tarifs pr\u00e9f\u00e9rentiels chez nos partenaires en s\u00e9journant au Beau-Rivage Hotel.\" \/>\n<meta property=\"og:url\" content=\"https:\/\/www.beau-rivage-hotel.ch\/fr\/avantages-partenaires\/\" \/>\n<meta property=\"og:site_name\" content=\"Beau-Rivage Hotel ***** Neuch\u00e2tel en Suisse\" \/>\n<meta property=\"article:modified_time\" content=\"2025-04-09T09:08:54+00:00\" \/>\n<meta property=\"og:image\" content=\"http:\/\/www.beau-rivage-hotel.ch\/wp-content\/uploads\/elementor\/thumbs\/unnamed-r313wmng9edjhzad4q505h3lwxot60s776k3qf2vn0.jpg\" \/>\n<meta name=\"twitter:card\" content=\"summary_large_image\" \/>\n<meta name=\"twitter:label1\" content=\"Dur\u00e9e de lecture estim\u00e9e\" \/>\n\t<meta name=\"twitter:data1\" content=\"2 minutes\" \/>\n<script type=\"application\/ld+json\" class=\"yoast-schema-graph\">{\"@context\":\"https:\/\/schema.org\",\"@graph\":[{\"@type\":\"WebPage\",\"@id\":\"https:\/\/www.beau-rivage-hotel.ch\/avantages-partenaires\/\",\"url\":\"https:\/\/www.beau-rivage-hotel.ch\/avantages-partenaires\/\",\"name\":\"Avantages Partenaires - Beau-Rivage Hotel ***** Neuch\u00e2tel en Suisse\",\"isPartOf\":{\"@id\":\"https:\/\/www.beau-rivage-hotel.ch\/#website\"},\"primaryImageOfPage\":{\"@id\":\"https:\/\/www.beau-rivage-hotel.ch\/avantages-partenaires\/#primaryimage\"},\"image\":{\"@id\":\"https:\/\/www.beau-rivage-hotel.ch\/avantages-partenaires\/#primaryimage\"},\"thumbnailUrl\":\"http:\/\/www.beau-rivage-hotel.ch\/wp-content\/uploads\/elementor\/thumbs\/unnamed-r313wmng9edjhzad4q505h3lwxot60s776k3qf2vn0.jpg\",\"datePublished\":\"2025-02-28T12:29:14+00:00\",\"dateModified\":\"2025-04-09T09:08:54+00:00\",\"description\":\"Profitez d'avantages exclusifs et de tarifs pr\u00e9f\u00e9rentiels chez nos partenaires en s\u00e9journant au Beau-Rivage Hotel.\",\"breadcrumb\":{\"@id\":\"https:\/\/www.beau-rivage-hotel.ch\/avantages-partenaires\/#breadcrumb\"},\"inLanguage\":\"fr-FR\",\"potentialAction\":[{\"@type\":\"ReadAction\",\"target\":[\"https:\/\/www.beau-rivage-hotel.ch\/avantages-partenaires\/\"]}]},{\"@type\":\"ImageObject\",\"inLanguage\":\"fr-FR\",\"@id\":\"https:\/\/www.beau-rivage-hotel.ch\/avantages-partenaires\/#primaryimage\",\"url\":\"http:\/\/www.beau-rivage-hotel.ch\/wp-content\/uploads\/elementor\/thumbs\/unnamed-r313wmng9edjhzad4q505h3lwxot60s776k3qf2vn0.jpg\",\"contentUrl\":\"http:\/\/www.beau-rivage-hotel.ch\/wp-content\/uploads\/elementor\/thumbs\/unnamed-r313wmng9edjhzad4q505h3lwxot60s776k3qf2vn0.jpg\"},{\"@type\":\"BreadcrumbList\",\"@id\":\"https:\/\/www.beau-rivage-hotel.ch\/avantages-partenaires\/#breadcrumb\",\"itemListElement\":[{\"@type\":\"ListItem\",\"position\":1,\"name\":\"Accueil\",\"item\":\"https:\/\/www.beau-rivage-hotel.ch\/\"},{\"@type\":\"ListItem\",\"position\":2,\"name\":\"Avantages Partenaires\"}]},{\"@type\":\"WebSite\",\"@id\":\"https:\/\/www.beau-rivage-hotel.ch\/#website\",\"url\":\"https:\/\/www.beau-rivage-hotel.ch\/\",\"name\":\"Beau-Rivage Hotel ***** Neuch\u00e2tel en Suisse\",\"description\":\"Au bord du lac de Neuch\u00e2tel, le Beau-Rivage Hotel. Un cinq \u00e9toiles pour go\u00fbter \u00e0 la douceur de vivre et d\u00e9couvrir un des plus beaux panoramas de Suisse.\",\"publisher\":{\"@id\":\"https:\/\/www.beau-rivage-hotel.ch\/#organization\"},\"potentialAction\":[{\"@type\":\"SearchAction\",\"target\":{\"@type\":\"EntryPoint\",\"urlTemplate\":\"https:\/\/www.beau-rivage-hotel.ch\/?s={search_term_string}\"},\"query-input\":{\"@type\":\"PropertyValueSpecification\",\"valueRequired\":true,\"valueName\":\"search_term_string\"}}],\"inLanguage\":\"fr-FR\"},{\"@type\":\"Organization\",\"@id\":\"https:\/\/www.beau-rivage-hotel.ch\/#organization\",\"name\":\"Beau-Rivage Hotel ***** Neuch\u00e2tel en Suisse\",\"url\":\"https:\/\/www.beau-rivage-hotel.ch\/\",\"logo\":{\"@type\":\"ImageObject\",\"inLanguage\":\"fr-FR\",\"@id\":\"https:\/\/www.beau-rivage-hotel.ch\/#\/schema\/logo\/image\/\",\"url\":\"https:\/\/www.beau-rivage-hotel.ch\/wp-content\/uploads\/2024\/08\/logo_final.png\",\"contentUrl\":\"https:\/\/www.beau-rivage-hotel.ch\/wp-content\/uploads\/2024\/08\/logo_final.png\",\"width\":293,\"height\":111,\"caption\":\"Beau-Rivage Hotel ***** Neuch\u00e2tel en Suisse\"},\"image\":{\"@id\":\"https:\/\/www.beau-rivage-hotel.ch\/#\/schema\/logo\/image\/\"},\"sameAs\":[\"https:\/\/www.instagram.com\/beaurivageneuchatel\/\",\"https:\/\/www.linkedin.com\/company\/beau-rivage-hotel-neuchatel\/?originalSubdomain=ch\"]}]}<\/script>\n<!-- \/ Yoast SEO plugin. -->","yoast_head_json":{"title":"Avantages Partenaires - Beau-Rivage Hotel ***** Neuch\u00e2tel en Suisse","description":"Profitez d'avantages exclusifs et de tarifs pr\u00e9f\u00e9rentiels chez nos partenaires en s\u00e9journant au Beau-Rivage Hotel.","robots":{"index":"index","follow":"follow","max-snippet":"max-snippet:-1","max-image-preview":"max-image-preview:large","max-video-preview":"max-video-preview:-1"},"canonical":"https:\/\/www.beau-rivage-hotel.ch\/fr\/avantages-partenaires\/","og_locale":"fr_FR","og_type":"article","og_title":"Avantages Partenaires - Beau-Rivage Hotel ***** Neuch\u00e2tel en Suisse","og_description":"Profitez d'avantages exclusifs et de tarifs pr\u00e9f\u00e9rentiels chez nos partenaires en s\u00e9journant au Beau-Rivage Hotel.","og_url":"https:\/\/www.beau-rivage-hotel.ch\/fr\/avantages-partenaires\/","og_site_name":"Beau-Rivage Hotel ***** Neuch\u00e2tel en Suisse","article_modified_time":"2025-04-09T09:08:54+00:00","og_image":[{"url":"http:\/\/www.beau-rivage-hotel.ch\/wp-content\/uploads\/elementor\/thumbs\/unnamed-r313wmng9edjhzad4q505h3lwxot60s776k3qf2vn0.jpg","type":"","width":"","height":""}],"twitter_card":"summary_large_image","twitter_misc":{"Dur\u00e9e de lecture estim\u00e9e":"2 minutes"},"schema":{"@context":"https:\/\/schema.org","@graph":[{"@type":"WebPage","@id":"https:\/\/www.beau-rivage-hotel.ch\/avantages-partenaires\/","url":"https:\/\/www.beau-rivage-hotel.ch\/avantages-partenaires\/","name":"Avantages Partenaires - Beau-Rivage Hotel ***** Neuch\u00e2tel en Suisse","isPartOf":{"@id":"https:\/\/www.beau-rivage-hotel.ch\/#website"},"primaryImageOfPage":{"@id":"https:\/\/www.beau-rivage-hotel.ch\/avantages-partenaires\/#primaryimage"},"image":{"@id":"https:\/\/www.beau-rivage-hotel.ch\/avantages-partenaires\/#primaryimage"},"thumbnailUrl":"http:\/\/www.beau-rivage-hotel.ch\/wp-content\/uploads\/elementor\/thumbs\/unnamed-r313wmng9edjhzad4q505h3lwxot60s776k3qf2vn0.jpg","datePublished":"2025-02-28T12:29:14+00:00","dateModified":"2025-04-09T09:08:54+00:00","description":"Profitez d'avantages exclusifs et de tarifs pr\u00e9f\u00e9rentiels chez nos partenaires en s\u00e9journant au Beau-Rivage Hotel.","breadcrumb":{"@id":"https:\/\/www.beau-rivage-hotel.ch\/avantages-partenaires\/#breadcrumb"},"inLanguage":"fr-FR","potentialAction":[{"@type":"ReadAction","target":["https:\/\/www.beau-rivage-hotel.ch\/avantages-partenaires\/"]}]},{"@type":"ImageObject","inLanguage":"fr-FR","@id":"https:\/\/www.beau-rivage-hotel.ch\/avantages-partenaires\/#primaryimage","url":"http:\/\/www.beau-rivage-hotel.ch\/wp-content\/uploads\/elementor\/thumbs\/unnamed-r313wmng9edjhzad4q505h3lwxot60s776k3qf2vn0.jpg","contentUrl":"http:\/\/www.beau-rivage-hotel.ch\/wp-content\/uploads\/elementor\/thumbs\/unnamed-r313wmng9edjhzad4q505h3lwxot60s776k3qf2vn0.jpg"},{"@type":"BreadcrumbList","@id":"https:\/\/www.beau-rivage-hotel.ch\/avantages-partenaires\/#breadcrumb","itemListElement":[{"@type":"ListItem","position":1,"name":"Accueil","item":"https:\/\/www.beau-rivage-hotel.ch\/"},{"@type":"ListItem","position":2,"name":"Avantages Partenaires"}]},{"@type":"WebSite","@id":"https:\/\/www.beau-rivage-hotel.ch\/#website","url":"https:\/\/www.beau-rivage-hotel.ch\/","name":"Beau-Rivage Hotel ***** Neuch\u00e2tel en Suisse","description":"Au bord du lac de Neuch\u00e2tel, le Beau-Rivage Hotel. Un cinq \u00e9toiles pour go\u00fbter \u00e0 la douceur de vivre et d\u00e9couvrir un des plus beaux panoramas de Suisse.","publisher":{"@id":"https:\/\/www.beau-rivage-hotel.ch\/#organization"},"potentialAction":[{"@type":"SearchAction","target":{"@type":"EntryPoint","urlTemplate":"https:\/\/www.beau-rivage-hotel.ch\/?s={search_term_string}"},"query-input":{"@type":"PropertyValueSpecification","valueRequired":true,"valueName":"search_term_string"}}],"inLanguage":"fr-FR"},{"@type":"Organization","@id":"https:\/\/www.beau-rivage-hotel.ch\/#organization","name":"Beau-Rivage Hotel ***** Neuch\u00e2tel en Suisse","url":"https:\/\/www.beau-rivage-hotel.ch\/","logo":{"@type":"ImageObject","inLanguage":"fr-FR","@id":"https:\/\/www.beau-rivage-hotel.ch\/#\/schema\/logo\/image\/","url":"https:\/\/www.beau-rivage-hotel.ch\/wp-content\/uploads\/2024\/08\/logo_final.png","contentUrl":"https:\/\/www.beau-rivage-hotel.ch\/wp-content\/uploads\/2024\/08\/logo_final.png","width":293,"height":111,"caption":"Beau-Rivage Hotel ***** Neuch\u00e2tel en Suisse"},"image":{"@id":"https:\/\/www.beau-rivage-hotel.ch\/#\/schema\/logo\/image\/"},"sameAs":["https:\/\/www.instagram.com\/beaurivageneuchatel\/","https:\/\/www.linkedin.com\/company\/beau-rivage-hotel-neuchatel\/?originalSubdomain=ch"]}]}},"_links":{"self":[{"href":"https:\/\/www.beau-rivage-hotel.ch\/fr\/wp-json\/wp\/v2\/pages\/2727","targetHints":{"allow":["GET"]}}],"collection":[{"href":"https:\/\/www.beau-rivage-hotel.ch\/fr\/wp-json\/wp\/v2\/pages"}],"about":[{"href":"https:\/\/www.beau-rivage-hotel.ch\/fr\/wp-json\/wp\/v2\/types\/page"}],"author":[{"embeddable":true,"href":"https:\/\/www.beau-rivage-hotel.ch\/fr\/wp-json\/wp\/v2\/users\/1"}],"replies":[{"embeddable":true,"href":"https:\/\/www.beau-rivage-hotel.ch\/fr\/wp-json\/wp\/v2\/comments?post=2727"}],"version-history":[{"count":26,"href":"https:\/\/www.beau-rivage-hotel.ch\/fr\/wp-json\/wp\/v2\/pages\/2727\/revisions"}],"predecessor-version":[{"id":2989,"href":"https:\/\/www.beau-rivage-hotel.ch\/fr\/wp-json\/wp\/v2\/pages\/2727\/revisions\/2989"}],"wp:attachment":[{"href":"https:\/\/www.beau-rivage-hotel.ch\/fr\/wp-json\/wp\/v2\/media?parent=2727"}],"curies":[{"name":"wp","href":"https:\/\/api.w.org\/{rel}","templated":true}]}}