{"id":348,"date":"2024-08-12T13:47:09","date_gmt":"2024-08-12T11:47:09","guid":{"rendered":"http:\/\/www.beau-rivage-hotel.ch\/?page_id=348"},"modified":"2025-04-09T11:27:52","modified_gmt":"2025-04-09T09:27:52","slug":"mariage","status":"publish","type":"page","link":"https:\/\/www.beau-rivage-hotel.ch\/en\/mariage\/","title":{"rendered":"Wedding"},"content":{"rendered":"\t\t<div data-elementor-type=\"wp-page\" data-elementor-id=\"348\" class=\"elementor elementor-348\" data-elementor-post-type=\"page\">\n\t\t\t\t<div class=\"elementor-element elementor-element-36ca8da e-con-full e-flex e-con e-parent\" data-id=\"36ca8da\" data-element_type=\"container\" data-settings=\"{&quot;background_background&quot;:&quot;classic&quot;,&quot;background_motion_fx_motion_fx_scrolling&quot;:&quot;yes&quot;,&quot;background_motion_fx_translateY_effect&quot;:&quot;yes&quot;,&quot;background_motion_fx_translateY_speed&quot;:{&quot;unit&quot;:&quot;px&quot;,&quot;size&quot;:4,&quot;sizes&quot;:[]},&quot;background_motion_fx_translateY_affectedRange&quot;:{&quot;unit&quot;:&quot;%&quot;,&quot;size&quot;:&quot;&quot;,&quot;sizes&quot;:{&quot;start&quot;:0,&quot;end&quot;:100}},&quot;background_motion_fx_devices&quot;:[&quot;desktop&quot;,&quot;laptop&quot;,&quot;tablet_extra&quot;,&quot;tablet&quot;,&quot;mobile_extra&quot;,&quot;mobile&quot;]}\">\n\t\t\t\t<div class=\"elementor-element elementor-element-a635c29 animated-fast elementor-invisible elementor-widget elementor-widget-heading\" data-id=\"a635c29\" data-element_type=\"widget\" data-settings=\"{&quot;_animation&quot;:&quot;fadeInUp&quot;}\" data-widget_type=\"heading.default\">\n\t\t\t\t\t<h1 class=\"elementor-heading-title elementor-size-default\">MAriage<\/h1>\t\t\t\t<\/div>\n\t\t\t\t<div class=\"elementor-element elementor-element-c990397 animated-fast elementor-invisible elementor-widget elementor-widget-heading\" data-id=\"c990397\" data-element_type=\"widget\" data-settings=\"{&quot;_animation&quot;:&quot;fadeInUp&quot;}\" data-widget_type=\"heading.default\">\n\t\t\t\t\t<h2 class=\"elementor-heading-title elementor-size-default\"><a href=\"#first-section\">D\u00e9couvrir<\/a><\/h2>\t\t\t\t<\/div>\n\t\t\t\t<div class=\"elementor-element elementor-element-5dc6cc3 elementor-widget__width-auto animated-fast e-transform elementor-widget-divider--view-line elementor-invisible elementor-widget elementor-widget-divider\" data-id=\"5dc6cc3\" data-element_type=\"widget\" data-settings=\"{&quot;_animation&quot;:&quot;fadeInUp&quot;,&quot;_transform_rotateZ_effect&quot;:{&quot;unit&quot;:&quot;px&quot;,&quot;size&quot;:90,&quot;sizes&quot;:[]},&quot;_transform_rotateZ_effect_laptop&quot;:{&quot;unit&quot;:&quot;deg&quot;,&quot;size&quot;:&quot;&quot;,&quot;sizes&quot;:[]},&quot;_transform_rotateZ_effect_tablet_extra&quot;:{&quot;unit&quot;:&quot;deg&quot;,&quot;size&quot;:&quot;&quot;,&quot;sizes&quot;:[]},&quot;_transform_rotateZ_effect_tablet&quot;:{&quot;unit&quot;:&quot;deg&quot;,&quot;size&quot;:&quot;&quot;,&quot;sizes&quot;:[]},&quot;_transform_rotateZ_effect_mobile_extra&quot;:{&quot;unit&quot;:&quot;deg&quot;,&quot;size&quot;:&quot;&quot;,&quot;sizes&quot;:[]},&quot;_transform_rotateZ_effect_mobile&quot;:{&quot;unit&quot;:&quot;deg&quot;,&quot;size&quot;:&quot;&quot;,&quot;sizes&quot;:[]}}\" data-widget_type=\"divider.default\">\n\t\t\t\t\t\t\t<div class=\"elementor-divider\">\n\t\t\t<span class=\"elementor-divider-separator\">\n\t\t\t\t\t\t<\/span>\n\t\t<\/div>\n\t\t\t\t\t\t<\/div>\n\t\t\t\t<\/div>\n\t\t<div class=\"elementor-element elementor-element-971e21d e-flex e-con-boxed e-con e-parent\" data-id=\"971e21d\" data-element_type=\"container\" data-settings=\"{&quot;background_background&quot;:&quot;classic&quot;}\">\n\t\t\t\t\t<div class=\"e-con-inner\">\n\t\t\t\t<div class=\"elementor-element elementor-element-fe345a7 elementor-widget elementor-widget-menu-anchor\" data-id=\"fe345a7\" data-element_type=\"widget\" data-widget_type=\"menu-anchor.default\">\n\t\t\t\t\t\t\t<div class=\"elementor-menu-anchor\" id=\"first-section\"><\/div>\n\t\t\t\t\t\t<\/div>\n\t\t\t\t<div class=\"elementor-element elementor-element-afab41f elementor-widget elementor-widget-text-editor\" data-id=\"afab41f\" data-element_type=\"widget\" data-widget_type=\"text-editor.default\">\n\t\t\t\t\t\t\t\t\t<p class=\"p1\">Transformez votre r\u00eave en r\u00e9alit\u00e9 avec notre service de mariage exclusif au Beau-Rivage Hotel. Offrez-vous un cadre enchanteur avec une vue imprenable sur le lac et les Alpes pour c\u00e9l\u00e9brer votre grand jour.<span class=\"Apple-converted-space\">\u00a0<\/span><\/p>\t\t\t\t\t\t\t\t<\/div>\n\t\t\t\t<div class=\"elementor-element elementor-element-4e2400b elementor-widget elementor-widget-text-editor\" data-id=\"4e2400b\" data-element_type=\"widget\" data-widget_type=\"text-editor.default\">\n\t\t\t\t\t\t\t\t\t<p class=\"p1\">Nos espaces \u00e9l\u00e9gants et polyvalents s\u2019adaptent \u00e0 toutes vos envies, du d\u00eener intime aux grandes r\u00e9ceptions. Avec notre \u00e9quipe d\u00e9di\u00e9e, chaque d\u00e9tail est orchestr\u00e9 avec soin pour cr\u00e9er une exp\u00e9rience m\u00e9morable et personnalis\u00e9e. Faites de votre mariage un \u00e9v\u00e9nement exceptionnel dans un lieu d\u2019exception.<\/p>\t\t\t\t\t\t\t\t<\/div>\n\t\t\t\t\t<\/div>\n\t\t\t\t<\/div>\n\t\t<div class=\"elementor-element elementor-element-828dc2e e-flex e-con-boxed e-con e-parent\" data-id=\"828dc2e\" data-element_type=\"container\">\n\t\t\t\t\t<div class=\"e-con-inner\">\n\t\t<div class=\"elementor-element elementor-element-2597598 e-con-full e-flex e-con e-child\" data-id=\"2597598\" data-element_type=\"container\">\n\t\t\t\t<div class=\"elementor-element elementor-element-5e02c0f elementor-widget elementor-widget-image\" data-id=\"5e02c0f\" data-element_type=\"widget\" data-widget_type=\"image.default\">\n\t\t\t\t\t\t\t\t\t\t\t\t\t\t\t<img fetchpriority=\"high\" decoding=\"async\" width=\"945\" height=\"945\" src=\"https:\/\/www.beau-rivage-hotel.ch\/wp-content\/uploads\/2024\/08\/8555.jpg\" class=\"attachment-full size-full wp-image-504\" alt=\"\" srcset=\"https:\/\/www.beau-rivage-hotel.ch\/wp-content\/uploads\/2024\/08\/8555.jpg 945w, https:\/\/www.beau-rivage-hotel.ch\/wp-content\/uploads\/2024\/08\/8555-300x300.jpg 300w, https:\/\/www.beau-rivage-hotel.ch\/wp-content\/uploads\/2024\/08\/8555-150x150.jpg 150w, https:\/\/www.beau-rivage-hotel.ch\/wp-content\/uploads\/2024\/08\/8555-768x768.jpg 768w\" sizes=\"(max-width: 945px) 100vw, 945px\" \/>\t\t\t\t\t\t\t\t\t\t\t\t\t\t\t<\/div>\n\t\t\t\t<\/div>\n\t\t<div class=\"elementor-element elementor-element-63a2898 e-con-full e-flex e-con e-child\" data-id=\"63a2898\" data-element_type=\"container\">\n\t\t\t\t<div class=\"elementor-element elementor-element-8cb5e47 elementor-widget elementor-widget-image\" data-id=\"8cb5e47\" data-element_type=\"widget\" data-widget_type=\"image.default\">\n\t\t\t\t\t\t\t\t\t\t\t\t\t\t\t<img decoding=\"async\" width=\"2560\" height=\"1706\" src=\"https:\/\/www.beau-rivage-hotel.ch\/wp-content\/uploads\/2024\/11\/21-scaled.jpg\" class=\"attachment-full size-full wp-image-2261\" alt=\"\" srcset=\"https:\/\/www.beau-rivage-hotel.ch\/wp-content\/uploads\/2024\/11\/21-scaled.jpg 2560w, https:\/\/www.beau-rivage-hotel.ch\/wp-content\/uploads\/2024\/11\/21-300x200.jpg 300w, https:\/\/www.beau-rivage-hotel.ch\/wp-content\/uploads\/2024\/11\/21-1024x683.jpg 1024w, https:\/\/www.beau-rivage-hotel.ch\/wp-content\/uploads\/2024\/11\/21-768x512.jpg 768w, https:\/\/www.beau-rivage-hotel.ch\/wp-content\/uploads\/2024\/11\/21-1536x1024.jpg 1536w, https:\/\/www.beau-rivage-hotel.ch\/wp-content\/uploads\/2024\/11\/21-2048x1365.jpg 2048w, https:\/\/www.beau-rivage-hotel.ch\/wp-content\/uploads\/2024\/11\/21-18x12.jpg 18w\" sizes=\"(max-width: 2560px) 100vw, 2560px\" \/>\t\t\t\t\t\t\t\t\t\t\t\t\t\t\t<\/div>\n\t\t\t\t<\/div>\n\t\t\t\t\t<\/div>\n\t\t\t\t<\/div>\n\t\t\t\t<\/div>\n\t\t","protected":false},"excerpt":{"rendered":"<p>MAriage D\u00e9couvrir Transformez votre r\u00eave en r\u00e9alit\u00e9 avec notre service de mariage exclusif au Beau-Rivage Hotel. Offrez-vous un cadre enchanteur avec une vue imprenable sur le lac et les Alpes pour c\u00e9l\u00e9brer votre grand jour. Nos espaces \u00e9l\u00e9gants et polyvalents s\u2019adaptent \u00e0 toutes vos envies, du d\u00eener intime aux grandes r\u00e9ceptions. Avec notre \u00e9quipe d\u00e9di\u00e9e, [&hellip;]<\/p>\n","protected":false},"author":1,"featured_media":356,"parent":0,"menu_order":0,"comment_status":"closed","ping_status":"closed","template":"","meta":{"_acf_changed":false,"footnotes":""},"class_list":["post-348","page","type-page","status-publish","has-post-thumbnail","hentry"],"acf":[],"yoast_head":"<!-- This site is optimized with the Yoast SEO plugin v24.8.1 - https:\/\/yoast.com\/wordpress\/plugins\/seo\/ -->\n<title>Mariage - Beau-Rivage Hotel ***** Neuch\u00e2tel en Suisse<\/title>\n<meta name=\"description\" content=\"C\u00e9l\u00e9brez votre union au Beau-Rivage Hotel \u00e0 Neuch\u00e2tel, un lieu d&#039;exception offrant un cadre romantique et un service personnalis\u00e9.\" \/>\n<meta name=\"robots\" content=\"index, follow, max-snippet:-1, max-image-preview:large, max-video-preview:-1\" \/>\n<link rel=\"canonical\" href=\"https:\/\/www.beau-rivage-hotel.ch\/en\/mariage\/\" \/>\n<meta property=\"og:locale\" content=\"en_US\" \/>\n<meta property=\"og:type\" content=\"article\" \/>\n<meta property=\"og:title\" content=\"Mariage - Beau-Rivage Hotel ***** Neuch\u00e2tel en Suisse\" \/>\n<meta property=\"og:description\" content=\"C\u00e9l\u00e9brez votre union au Beau-Rivage Hotel \u00e0 Neuch\u00e2tel, un lieu d&#039;exception offrant un cadre romantique et un service personnalis\u00e9.\" \/>\n<meta property=\"og:url\" content=\"https:\/\/www.beau-rivage-hotel.ch\/en\/mariage\/\" \/>\n<meta property=\"og:site_name\" content=\"Beau-Rivage Hotel ***** Neuch\u00e2tel en Suisse\" \/>\n<meta property=\"article:modified_time\" content=\"2025-04-09T09:27:52+00:00\" \/>\n<meta property=\"og:image\" content=\"https:\/\/www.beau-rivage-hotel.ch\/wp-content\/uploads\/2024\/08\/mariage-aliance-beau-rivage.jpg\" \/>\n\t<meta property=\"og:image:width\" content=\"1920\" \/>\n\t<meta property=\"og:image:height\" content=\"1365\" \/>\n\t<meta property=\"og:image:type\" content=\"image\/jpeg\" \/>\n<meta name=\"twitter:card\" content=\"summary_large_image\" \/>\n<meta name=\"twitter:label1\" content=\"Est. reading time\" \/>\n\t<meta name=\"twitter:data1\" content=\"2 minutes\" \/>\n<script type=\"application\/ld+json\" class=\"yoast-schema-graph\">{\"@context\":\"https:\/\/schema.org\",\"@graph\":[{\"@type\":\"WebPage\",\"@id\":\"https:\/\/www.beau-rivage-hotel.ch\/mariage\/\",\"url\":\"https:\/\/www.beau-rivage-hotel.ch\/mariage\/\",\"name\":\"Mariage - Beau-Rivage Hotel ***** Neuch\u00e2tel en Suisse\",\"isPartOf\":{\"@id\":\"https:\/\/www.beau-rivage-hotel.ch\/#website\"},\"primaryImageOfPage\":{\"@id\":\"https:\/\/www.beau-rivage-hotel.ch\/mariage\/#primaryimage\"},\"image\":{\"@id\":\"https:\/\/www.beau-rivage-hotel.ch\/mariage\/#primaryimage\"},\"thumbnailUrl\":\"https:\/\/www.beau-rivage-hotel.ch\/wp-content\/uploads\/2024\/08\/mariage-aliance-beau-rivage.jpg\",\"datePublished\":\"2024-08-12T11:47:09+00:00\",\"dateModified\":\"2025-04-09T09:27:52+00:00\",\"description\":\"C\u00e9l\u00e9brez votre union au Beau-Rivage Hotel \u00e0 Neuch\u00e2tel, un lieu d'exception offrant un cadre romantique et un service personnalis\u00e9.\",\"breadcrumb\":{\"@id\":\"https:\/\/www.beau-rivage-hotel.ch\/mariage\/#breadcrumb\"},\"inLanguage\":\"en-US\",\"potentialAction\":[{\"@type\":\"ReadAction\",\"target\":[\"https:\/\/www.beau-rivage-hotel.ch\/mariage\/\"]}]},{\"@type\":\"ImageObject\",\"inLanguage\":\"en-US\",\"@id\":\"https:\/\/www.beau-rivage-hotel.ch\/mariage\/#primaryimage\",\"url\":\"https:\/\/www.beau-rivage-hotel.ch\/wp-content\/uploads\/2024\/08\/mariage-aliance-beau-rivage.jpg\",\"contentUrl\":\"https:\/\/www.beau-rivage-hotel.ch\/wp-content\/uploads\/2024\/08\/mariage-aliance-beau-rivage.jpg\",\"width\":1920,\"height\":1365},{\"@type\":\"BreadcrumbList\",\"@id\":\"https:\/\/www.beau-rivage-hotel.ch\/mariage\/#breadcrumb\",\"itemListElement\":[{\"@type\":\"ListItem\",\"position\":1,\"name\":\"Accueil\",\"item\":\"https:\/\/www.beau-rivage-hotel.ch\/\"},{\"@type\":\"ListItem\",\"position\":2,\"name\":\"Mariage\"}]},{\"@type\":\"WebSite\",\"@id\":\"https:\/\/www.beau-rivage-hotel.ch\/#website\",\"url\":\"https:\/\/www.beau-rivage-hotel.ch\/\",\"name\":\"Beau-Rivage Hotel ***** Neuch\u00e2tel en Suisse\",\"description\":\"Au bord du lac de Neuch\u00e2tel, le Beau-Rivage Hotel. Un cinq \u00e9toiles pour go\u00fbter \u00e0 la douceur de vivre et d\u00e9couvrir un des plus beaux panoramas de Suisse.\",\"publisher\":{\"@id\":\"https:\/\/www.beau-rivage-hotel.ch\/#organization\"},\"potentialAction\":[{\"@type\":\"SearchAction\",\"target\":{\"@type\":\"EntryPoint\",\"urlTemplate\":\"https:\/\/www.beau-rivage-hotel.ch\/?s={search_term_string}\"},\"query-input\":{\"@type\":\"PropertyValueSpecification\",\"valueRequired\":true,\"valueName\":\"search_term_string\"}}],\"inLanguage\":\"en-US\"},{\"@type\":\"Organization\",\"@id\":\"https:\/\/www.beau-rivage-hotel.ch\/#organization\",\"name\":\"Beau-Rivage Hotel ***** Neuch\u00e2tel en Suisse\",\"url\":\"https:\/\/www.beau-rivage-hotel.ch\/\",\"logo\":{\"@type\":\"ImageObject\",\"inLanguage\":\"en-US\",\"@id\":\"https:\/\/www.beau-rivage-hotel.ch\/#\/schema\/logo\/image\/\",\"url\":\"https:\/\/www.beau-rivage-hotel.ch\/wp-content\/uploads\/2024\/08\/logo_final.png\",\"contentUrl\":\"https:\/\/www.beau-rivage-hotel.ch\/wp-content\/uploads\/2024\/08\/logo_final.png\",\"width\":293,\"height\":111,\"caption\":\"Beau-Rivage Hotel ***** Neuch\u00e2tel en Suisse\"},\"image\":{\"@id\":\"https:\/\/www.beau-rivage-hotel.ch\/#\/schema\/logo\/image\/\"},\"sameAs\":[\"https:\/\/www.instagram.com\/beaurivageneuchatel\/\",\"https:\/\/www.linkedin.com\/company\/beau-rivage-hotel-neuchatel\/?originalSubdomain=ch\"]}]}<\/script>\n<!-- \/ Yoast SEO plugin. -->","yoast_head_json":{"title":"Mariage - Beau-Rivage Hotel ***** Neuch\u00e2tel en Suisse","description":"C\u00e9l\u00e9brez votre union au Beau-Rivage Hotel \u00e0 Neuch\u00e2tel, un lieu d'exception offrant un cadre romantique et un service personnalis\u00e9.","robots":{"index":"index","follow":"follow","max-snippet":"max-snippet:-1","max-image-preview":"max-image-preview:large","max-video-preview":"max-video-preview:-1"},"canonical":"https:\/\/www.beau-rivage-hotel.ch\/en\/mariage\/","og_locale":"en_US","og_type":"article","og_title":"Mariage - Beau-Rivage Hotel ***** Neuch\u00e2tel en Suisse","og_description":"C\u00e9l\u00e9brez votre union au Beau-Rivage Hotel \u00e0 Neuch\u00e2tel, un lieu d'exception offrant un cadre romantique et un service personnalis\u00e9.","og_url":"https:\/\/www.beau-rivage-hotel.ch\/en\/mariage\/","og_site_name":"Beau-Rivage Hotel ***** Neuch\u00e2tel en Suisse","article_modified_time":"2025-04-09T09:27:52+00:00","og_image":[{"width":1920,"height":1365,"url":"https:\/\/www.beau-rivage-hotel.ch\/wp-content\/uploads\/2024\/08\/mariage-aliance-beau-rivage.jpg","type":"image\/jpeg"}],"twitter_card":"summary_large_image","twitter_misc":{"Est. reading time":"2 minutes"},"schema":{"@context":"https:\/\/schema.org","@graph":[{"@type":"WebPage","@id":"https:\/\/www.beau-rivage-hotel.ch\/mariage\/","url":"https:\/\/www.beau-rivage-hotel.ch\/mariage\/","name":"Mariage - Beau-Rivage Hotel ***** Neuch\u00e2tel en Suisse","isPartOf":{"@id":"https:\/\/www.beau-rivage-hotel.ch\/#website"},"primaryImageOfPage":{"@id":"https:\/\/www.beau-rivage-hotel.ch\/mariage\/#primaryimage"},"image":{"@id":"https:\/\/www.beau-rivage-hotel.ch\/mariage\/#primaryimage"},"thumbnailUrl":"https:\/\/www.beau-rivage-hotel.ch\/wp-content\/uploads\/2024\/08\/mariage-aliance-beau-rivage.jpg","datePublished":"2024-08-12T11:47:09+00:00","dateModified":"2025-04-09T09:27:52+00:00","description":"C\u00e9l\u00e9brez votre union au Beau-Rivage Hotel \u00e0 Neuch\u00e2tel, un lieu d'exception offrant un cadre romantique et un service personnalis\u00e9.","breadcrumb":{"@id":"https:\/\/www.beau-rivage-hotel.ch\/mariage\/#breadcrumb"},"inLanguage":"en-US","potentialAction":[{"@type":"ReadAction","target":["https:\/\/www.beau-rivage-hotel.ch\/mariage\/"]}]},{"@type":"ImageObject","inLanguage":"en-US","@id":"https:\/\/www.beau-rivage-hotel.ch\/mariage\/#primaryimage","url":"https:\/\/www.beau-rivage-hotel.ch\/wp-content\/uploads\/2024\/08\/mariage-aliance-beau-rivage.jpg","contentUrl":"https:\/\/www.beau-rivage-hotel.ch\/wp-content\/uploads\/2024\/08\/mariage-aliance-beau-rivage.jpg","width":1920,"height":1365},{"@type":"BreadcrumbList","@id":"https:\/\/www.beau-rivage-hotel.ch\/mariage\/#breadcrumb","itemListElement":[{"@type":"ListItem","position":1,"name":"Accueil","item":"https:\/\/www.beau-rivage-hotel.ch\/"},{"@type":"ListItem","position":2,"name":"Mariage"}]},{"@type":"WebSite","@id":"https:\/\/www.beau-rivage-hotel.ch\/#website","url":"https:\/\/www.beau-rivage-hotel.ch\/","name":"Beau-Rivage Hotel ***** Neuch\u00e2tel en Suisse","description":"Au bord du lac de Neuch\u00e2tel, le Beau-Rivage Hotel. Un cinq \u00e9toiles pour go\u00fbter \u00e0 la douceur de vivre et d\u00e9couvrir un des plus beaux panoramas de Suisse.","publisher":{"@id":"https:\/\/www.beau-rivage-hotel.ch\/#organization"},"potentialAction":[{"@type":"SearchAction","target":{"@type":"EntryPoint","urlTemplate":"https:\/\/www.beau-rivage-hotel.ch\/?s={search_term_string}"},"query-input":{"@type":"PropertyValueSpecification","valueRequired":true,"valueName":"search_term_string"}}],"inLanguage":"en-US"},{"@type":"Organization","@id":"https:\/\/www.beau-rivage-hotel.ch\/#organization","name":"Beau-Rivage Hotel ***** Neuch\u00e2tel en Suisse","url":"https:\/\/www.beau-rivage-hotel.ch\/","logo":{"@type":"ImageObject","inLanguage":"en-US","@id":"https:\/\/www.beau-rivage-hotel.ch\/#\/schema\/logo\/image\/","url":"https:\/\/www.beau-rivage-hotel.ch\/wp-content\/uploads\/2024\/08\/logo_final.png","contentUrl":"https:\/\/www.beau-rivage-hotel.ch\/wp-content\/uploads\/2024\/08\/logo_final.png","width":293,"height":111,"caption":"Beau-Rivage Hotel ***** Neuch\u00e2tel en Suisse"},"image":{"@id":"https:\/\/www.beau-rivage-hotel.ch\/#\/schema\/logo\/image\/"},"sameAs":["https:\/\/www.instagram.com\/beaurivageneuchatel\/","https:\/\/www.linkedin.com\/company\/beau-rivage-hotel-neuchatel\/?originalSubdomain=ch"]}]}},"_links":{"self":[{"href":"https:\/\/www.beau-rivage-hotel.ch\/en\/wp-json\/wp\/v2\/pages\/348","targetHints":{"allow":["GET"]}}],"collection":[{"href":"https:\/\/www.beau-rivage-hotel.ch\/en\/wp-json\/wp\/v2\/pages"}],"about":[{"href":"https:\/\/www.beau-rivage-hotel.ch\/en\/wp-json\/wp\/v2\/types\/page"}],"author":[{"embeddable":true,"href":"https:\/\/www.beau-rivage-hotel.ch\/en\/wp-json\/wp\/v2\/users\/1"}],"replies":[{"embeddable":true,"href":"https:\/\/www.beau-rivage-hotel.ch\/en\/wp-json\/wp\/v2\/comments?post=348"}],"version-history":[{"count":35,"href":"https:\/\/www.beau-rivage-hotel.ch\/en\/wp-json\/wp\/v2\/pages\/348\/revisions"}],"predecessor-version":[{"id":2983,"href":"https:\/\/www.beau-rivage-hotel.ch\/en\/wp-json\/wp\/v2\/pages\/348\/revisions\/2983"}],"wp:featuredmedia":[{"embeddable":true,"href":"https:\/\/www.beau-rivage-hotel.ch\/en\/wp-json\/wp\/v2\/media\/356"}],"wp:attachment":[{"href":"https:\/\/www.beau-rivage-hotel.ch\/en\/wp-json\/wp\/v2\/media?parent=348"}],"curies":[{"name":"wp","href":"https:\/\/api.w.org\/{rel}","templated":true}]}}