{"id":1240,"date":"2024-09-20T09:18:42","date_gmt":"2024-09-20T07:18:42","guid":{"rendered":"http:\/\/www.beau-rivage-hotel.ch\/?page_id=1240"},"modified":"2025-04-09T11:23:10","modified_gmt":"2025-04-09T09:23:10","slug":"faire-une-evaluation","status":"publish","type":"page","link":"https:\/\/www.beau-rivage-hotel.ch\/en\/faire-une-evaluation\/","title":{"rendered":"Make an assessment"},"content":{"rendered":"<div data-elementor-type=\"wp-page\" data-elementor-id=\"1240\" class=\"elementor elementor-1240\" data-elementor-post-type=\"page\">\n\t\t\t\t<div class=\"elementor-element elementor-element-8245aa4 e-flex e-con-boxed e-con e-parent\" data-id=\"8245aa4\" data-element_type=\"container\">\n\t\t\t\t\t<div class=\"e-con-inner\">\n\t\t\t\t<div class=\"elementor-element elementor-element-d1a48e7 animated-fast elementor-invisible elementor-widget elementor-widget-heading\" data-id=\"d1a48e7\" data-element_type=\"widget\" data-settings=\"{&quot;_animation&quot;:&quot;fadeInUp&quot;}\" data-widget_type=\"heading.default\">\n\t\t\t\t\t<h1 class=\"elementor-heading-title elementor-size-default\">Make an assessment<\/h1>\t\t\t\t<\/div>\n\t\t\t\t<div class=\"elementor-element elementor-element-c3cac15 e-transform elementor-widget-divider--view-line elementor-widget elementor-widget-divider\" data-id=\"c3cac15\" data-element_type=\"widget\" data-settings=\"{&quot;_transform_rotateZ_effect&quot;:{&quot;unit&quot;:&quot;px&quot;,&quot;size&quot;:90,&quot;sizes&quot;:[]},&quot;_transform_rotateZ_effect_laptop&quot;:{&quot;unit&quot;:&quot;deg&quot;,&quot;size&quot;:&quot;&quot;,&quot;sizes&quot;:[]},&quot;_transform_rotateZ_effect_tablet_extra&quot;:{&quot;unit&quot;:&quot;deg&quot;,&quot;size&quot;:&quot;&quot;,&quot;sizes&quot;:[]},&quot;_transform_rotateZ_effect_tablet&quot;:{&quot;unit&quot;:&quot;deg&quot;,&quot;size&quot;:&quot;&quot;,&quot;sizes&quot;:[]},&quot;_transform_rotateZ_effect_mobile_extra&quot;:{&quot;unit&quot;:&quot;deg&quot;,&quot;size&quot;:&quot;&quot;,&quot;sizes&quot;:[]},&quot;_transform_rotateZ_effect_mobile&quot;:{&quot;unit&quot;:&quot;deg&quot;,&quot;size&quot;:&quot;&quot;,&quot;sizes&quot;:[]}}\" data-widget_type=\"divider.default\">\n\t\t\t\t\t\t\t<div class=\"elementor-divider\">\n\t\t\t<span class=\"elementor-divider-separator\">\n\t\t\t\t\t\t<\/span>\n\t\t<\/div>\n\t\t\t\t\t\t<\/div>\n\t\t\t\t\t<\/div>\n\t\t\t\t<\/div>\n\t\t<div class=\"elementor-element elementor-element-b9a5bd3 e-flex e-con-boxed e-con e-parent\" data-id=\"b9a5bd3\" data-element_type=\"container\">\n\t\t\t\t\t<div class=\"e-con-inner\">\n\t\t\t\t<div class=\"elementor-element elementor-element-5d0a6ac elementor-widget elementor-widget-text-editor\" data-id=\"5d0a6ac\" data-element_type=\"widget\" data-widget_type=\"text-editor.default\">\n\t\t\t\t\t\t\t\t\t<p><strong>Dear Guests of the Beau-Rivage Hotel,<\/strong><\/p><p><strong>Thank you for helping us become even better!<\/strong>\u00a0If you would like to let us know how satisfied you were with your stay, simply fill in the form below. We thank you in advance for your time and look forward to hearing from you.<\/p>\t\t\t\t\t\t\t\t<\/div>\n\t\t\t\t<div class=\"elementor-element elementor-element-33428f3 elementor-widget-mobile__width-initial elementor-widget elementor-widget-html\" data-id=\"33428f3\" data-element_type=\"widget\" data-widget_type=\"html.default\">\n\t\t\t\t\t<iframe src=\"https:\/\/www.tripadvisor.fr\/WidgetEmbed-ssnarrowcollectreview?locationId=231871&amp;lang=fr&amp;format=inner&amp;display=true&amp;display_version=2\" height=\"1102px\" width=\"468px\" frameborder=\"0\" scrolling=\"no\"><\/iframe>\t\t\t\t<\/div>\n\t\t\t\t\t<\/div>\n\t\t\t\t<\/div>\n\t\t\t\t<\/div>","protected":false},"excerpt":{"rendered":"<p>Faire une \u00e9valuation Chers H\u00f4tes du Beau-Rivage Hotel, Merci de nous aider \u00e0 devenir encore meilleur!\u00a0Si vous souhaitez nous transmettre votre satisfaction suite \u00e0 votre s\u00e9jour, remplissez simplement le formulaire ci-dessous. D&rsquo;avance nous vous remercions de votre temps et nous r\u00e9jouissons de vous lire.<\/p>","protected":false},"author":1,"featured_media":0,"parent":0,"menu_order":0,"comment_status":"closed","ping_status":"closed","template":"","meta":{"_acf_changed":false,"footnotes":""},"class_list":["post-1240","page","type-page","status-publish","hentry"],"acf":[],"yoast_head":"<!-- This site is optimized with the Yoast SEO plugin v24.8.1 - https:\/\/yoast.com\/wordpress\/plugins\/seo\/ -->\n<title>Faire une \u00e9valuation - Beau-Rivage Hotel ***** Neuch\u00e2tel en Suisse<\/title>\n<meta name=\"description\" content=\"Merci de nous aider \u00e0 devenir encore meilleur! Partagez votre exp\u00e9rience au Beau-Rivage Hotel en laissant une \u00e9valuation.\" \/>\n<meta name=\"robots\" content=\"index, follow, max-snippet:-1, max-image-preview:large, max-video-preview:-1\" \/>\n<link rel=\"canonical\" href=\"https:\/\/www.beau-rivage-hotel.ch\/en\/faire-une-evaluation\/\" \/>\n<meta property=\"og:locale\" content=\"en_US\" \/>\n<meta property=\"og:type\" content=\"article\" \/>\n<meta property=\"og:title\" content=\"Faire une \u00e9valuation - Beau-Rivage Hotel ***** Neuch\u00e2tel en Suisse\" \/>\n<meta property=\"og:description\" content=\"Merci de nous aider \u00e0 devenir encore meilleur! Partagez votre exp\u00e9rience au Beau-Rivage Hotel en laissant une \u00e9valuation.\" \/>\n<meta property=\"og:url\" content=\"https:\/\/www.beau-rivage-hotel.ch\/en\/faire-une-evaluation\/\" \/>\n<meta property=\"og:site_name\" content=\"Beau-Rivage Hotel ***** Neuch\u00e2tel en Suisse\" \/>\n<meta property=\"article:modified_time\" content=\"2025-04-09T09:23:10+00:00\" \/>\n<meta name=\"twitter:card\" content=\"summary_large_image\" \/>\n<meta name=\"twitter:label1\" content=\"Est. reading time\" \/>\n\t<meta name=\"twitter:data1\" content=\"1 minute\" \/>\n<script type=\"application\/ld+json\" class=\"yoast-schema-graph\">{\"@context\":\"https:\/\/schema.org\",\"@graph\":[{\"@type\":\"WebPage\",\"@id\":\"https:\/\/www.beau-rivage-hotel.ch\/faire-une-evaluation\/\",\"url\":\"https:\/\/www.beau-rivage-hotel.ch\/faire-une-evaluation\/\",\"name\":\"Faire une \u00e9valuation - Beau-Rivage Hotel ***** Neuch\u00e2tel en Suisse\",\"isPartOf\":{\"@id\":\"https:\/\/www.beau-rivage-hotel.ch\/#website\"},\"datePublished\":\"2024-09-20T07:18:42+00:00\",\"dateModified\":\"2025-04-09T09:23:10+00:00\",\"description\":\"Merci de nous aider \u00e0 devenir encore meilleur! Partagez votre exp\u00e9rience au Beau-Rivage Hotel en laissant une \u00e9valuation.\",\"breadcrumb\":{\"@id\":\"https:\/\/www.beau-rivage-hotel.ch\/faire-une-evaluation\/#breadcrumb\"},\"inLanguage\":\"en-US\",\"potentialAction\":[{\"@type\":\"ReadAction\",\"target\":[\"https:\/\/www.beau-rivage-hotel.ch\/faire-une-evaluation\/\"]}]},{\"@type\":\"BreadcrumbList\",\"@id\":\"https:\/\/www.beau-rivage-hotel.ch\/faire-une-evaluation\/#breadcrumb\",\"itemListElement\":[{\"@type\":\"ListItem\",\"position\":1,\"name\":\"Accueil\",\"item\":\"https:\/\/www.beau-rivage-hotel.ch\/\"},{\"@type\":\"ListItem\",\"position\":2,\"name\":\"Faire une \u00e9valuation\"}]},{\"@type\":\"WebSite\",\"@id\":\"https:\/\/www.beau-rivage-hotel.ch\/#website\",\"url\":\"https:\/\/www.beau-rivage-hotel.ch\/\",\"name\":\"Beau-Rivage Hotel ***** Neuch\u00e2tel en Suisse\",\"description\":\"Au bord du lac de Neuch\u00e2tel, le Beau-Rivage Hotel. Un cinq \u00e9toiles pour go\u00fbter \u00e0 la douceur de vivre et d\u00e9couvrir un des plus beaux panoramas de Suisse.\",\"publisher\":{\"@id\":\"https:\/\/www.beau-rivage-hotel.ch\/#organization\"},\"potentialAction\":[{\"@type\":\"SearchAction\",\"target\":{\"@type\":\"EntryPoint\",\"urlTemplate\":\"https:\/\/www.beau-rivage-hotel.ch\/?s={search_term_string}\"},\"query-input\":{\"@type\":\"PropertyValueSpecification\",\"valueRequired\":true,\"valueName\":\"search_term_string\"}}],\"inLanguage\":\"en-US\"},{\"@type\":\"Organization\",\"@id\":\"https:\/\/www.beau-rivage-hotel.ch\/#organization\",\"name\":\"Beau-Rivage Hotel ***** Neuch\u00e2tel en Suisse\",\"url\":\"https:\/\/www.beau-rivage-hotel.ch\/\",\"logo\":{\"@type\":\"ImageObject\",\"inLanguage\":\"en-US\",\"@id\":\"https:\/\/www.beau-rivage-hotel.ch\/#\/schema\/logo\/image\/\",\"url\":\"https:\/\/www.beau-rivage-hotel.ch\/wp-content\/uploads\/2024\/08\/logo_final.png\",\"contentUrl\":\"https:\/\/www.beau-rivage-hotel.ch\/wp-content\/uploads\/2024\/08\/logo_final.png\",\"width\":293,\"height\":111,\"caption\":\"Beau-Rivage Hotel ***** Neuch\u00e2tel en Suisse\"},\"image\":{\"@id\":\"https:\/\/www.beau-rivage-hotel.ch\/#\/schema\/logo\/image\/\"},\"sameAs\":[\"https:\/\/www.instagram.com\/beaurivageneuchatel\/\",\"https:\/\/www.linkedin.com\/company\/beau-rivage-hotel-neuchatel\/?originalSubdomain=ch\"]}]}<\/script>\n<!-- \/ Yoast SEO plugin. -->","yoast_head_json":{"title":"Faire une \u00e9valuation - Beau-Rivage Hotel ***** Neuch\u00e2tel en Suisse","description":"Merci de nous aider \u00e0 devenir encore meilleur! Partagez votre exp\u00e9rience au Beau-Rivage Hotel en laissant une \u00e9valuation.","robots":{"index":"index","follow":"follow","max-snippet":"max-snippet:-1","max-image-preview":"max-image-preview:large","max-video-preview":"max-video-preview:-1"},"canonical":"https:\/\/www.beau-rivage-hotel.ch\/en\/faire-une-evaluation\/","og_locale":"en_US","og_type":"article","og_title":"Faire une \u00e9valuation - Beau-Rivage Hotel ***** Neuch\u00e2tel en Suisse","og_description":"Merci de nous aider \u00e0 devenir encore meilleur! Partagez votre exp\u00e9rience au Beau-Rivage Hotel en laissant une \u00e9valuation.","og_url":"https:\/\/www.beau-rivage-hotel.ch\/en\/faire-une-evaluation\/","og_site_name":"Beau-Rivage Hotel ***** Neuch\u00e2tel en Suisse","article_modified_time":"2025-04-09T09:23:10+00:00","twitter_card":"summary_large_image","twitter_misc":{"Est. reading time":"1 minute"},"schema":{"@context":"https:\/\/schema.org","@graph":[{"@type":"WebPage","@id":"https:\/\/www.beau-rivage-hotel.ch\/faire-une-evaluation\/","url":"https:\/\/www.beau-rivage-hotel.ch\/faire-une-evaluation\/","name":"Faire une \u00e9valuation - Beau-Rivage Hotel ***** Neuch\u00e2tel en Suisse","isPartOf":{"@id":"https:\/\/www.beau-rivage-hotel.ch\/#website"},"datePublished":"2024-09-20T07:18:42+00:00","dateModified":"2025-04-09T09:23:10+00:00","description":"Merci de nous aider \u00e0 devenir encore meilleur! Partagez votre exp\u00e9rience au Beau-Rivage Hotel en laissant une \u00e9valuation.","breadcrumb":{"@id":"https:\/\/www.beau-rivage-hotel.ch\/faire-une-evaluation\/#breadcrumb"},"inLanguage":"en-US","potentialAction":[{"@type":"ReadAction","target":["https:\/\/www.beau-rivage-hotel.ch\/faire-une-evaluation\/"]}]},{"@type":"BreadcrumbList","@id":"https:\/\/www.beau-rivage-hotel.ch\/faire-une-evaluation\/#breadcrumb","itemListElement":[{"@type":"ListItem","position":1,"name":"Accueil","item":"https:\/\/www.beau-rivage-hotel.ch\/"},{"@type":"ListItem","position":2,"name":"Faire une \u00e9valuation"}]},{"@type":"WebSite","@id":"https:\/\/www.beau-rivage-hotel.ch\/#website","url":"https:\/\/www.beau-rivage-hotel.ch\/","name":"Beau-Rivage Hotel ***** Neuch\u00e2tel en Suisse","description":"Au bord du lac de Neuch\u00e2tel, le Beau-Rivage Hotel. Un cinq \u00e9toiles pour go\u00fbter \u00e0 la douceur de vivre et d\u00e9couvrir un des plus beaux panoramas de Suisse.","publisher":{"@id":"https:\/\/www.beau-rivage-hotel.ch\/#organization"},"potentialAction":[{"@type":"SearchAction","target":{"@type":"EntryPoint","urlTemplate":"https:\/\/www.beau-rivage-hotel.ch\/?s={search_term_string}"},"query-input":{"@type":"PropertyValueSpecification","valueRequired":true,"valueName":"search_term_string"}}],"inLanguage":"en-US"},{"@type":"Organization","@id":"https:\/\/www.beau-rivage-hotel.ch\/#organization","name":"Beau-Rivage Hotel ***** Neuch\u00e2tel en Suisse","url":"https:\/\/www.beau-rivage-hotel.ch\/","logo":{"@type":"ImageObject","inLanguage":"en-US","@id":"https:\/\/www.beau-rivage-hotel.ch\/#\/schema\/logo\/image\/","url":"https:\/\/www.beau-rivage-hotel.ch\/wp-content\/uploads\/2024\/08\/logo_final.png","contentUrl":"https:\/\/www.beau-rivage-hotel.ch\/wp-content\/uploads\/2024\/08\/logo_final.png","width":293,"height":111,"caption":"Beau-Rivage Hotel ***** Neuch\u00e2tel en Suisse"},"image":{"@id":"https:\/\/www.beau-rivage-hotel.ch\/#\/schema\/logo\/image\/"},"sameAs":["https:\/\/www.instagram.com\/beaurivageneuchatel\/","https:\/\/www.linkedin.com\/company\/beau-rivage-hotel-neuchatel\/?originalSubdomain=ch"]}]}},"_links":{"self":[{"href":"https:\/\/www.beau-rivage-hotel.ch\/en\/wp-json\/wp\/v2\/pages\/1240","targetHints":{"allow":["GET"]}}],"collection":[{"href":"https:\/\/www.beau-rivage-hotel.ch\/en\/wp-json\/wp\/v2\/pages"}],"about":[{"href":"https:\/\/www.beau-rivage-hotel.ch\/en\/wp-json\/wp\/v2\/types\/page"}],"author":[{"embeddable":true,"href":"https:\/\/www.beau-rivage-hotel.ch\/en\/wp-json\/wp\/v2\/users\/1"}],"replies":[{"embeddable":true,"href":"https:\/\/www.beau-rivage-hotel.ch\/en\/wp-json\/wp\/v2\/comments?post=1240"}],"version-history":[{"count":21,"href":"https:\/\/www.beau-rivage-hotel.ch\/en\/wp-json\/wp\/v2\/pages\/1240\/revisions"}],"predecessor-version":[{"id":2995,"href":"https:\/\/www.beau-rivage-hotel.ch\/en\/wp-json\/wp\/v2\/pages\/1240\/revisions\/2995"}],"wp:attachment":[{"href":"https:\/\/www.beau-rivage-hotel.ch\/en\/wp-json\/wp\/v2\/media?parent=1240"}],"curies":[{"name":"wp","href":"https:\/\/api.w.org\/{rel}","templated":true}]}}