{"id":1104,"date":"2024-09-12T09:16:53","date_gmt":"2024-09-12T07:16:53","guid":{"rendered":"http:\/\/www.beau-rivage-hotel.ch\/?page_id=1104"},"modified":"2025-04-09T11:42:55","modified_gmt":"2025-04-09T09:42:55","slug":"services-2","status":"publish","type":"page","link":"https:\/\/www.beau-rivage-hotel.ch\/en\/services-2\/","title":{"rendered":"Services"},"content":{"rendered":"\t\t<div data-elementor-type=\"wp-page\" data-elementor-id=\"1104\" class=\"elementor elementor-1104\" data-elementor-post-type=\"page\">\n\t\t\t\t<div class=\"elementor-element elementor-element-36ca8da e-con-full e-flex e-con e-parent\" data-id=\"36ca8da\" data-element_type=\"container\" data-settings=\"{&quot;background_background&quot;:&quot;classic&quot;,&quot;background_motion_fx_motion_fx_scrolling&quot;:&quot;yes&quot;,&quot;background_motion_fx_translateY_effect&quot;:&quot;yes&quot;,&quot;background_motion_fx_translateY_speed&quot;:{&quot;unit&quot;:&quot;px&quot;,&quot;size&quot;:4,&quot;sizes&quot;:[]},&quot;background_motion_fx_translateY_affectedRange&quot;:{&quot;unit&quot;:&quot;%&quot;,&quot;size&quot;:&quot;&quot;,&quot;sizes&quot;:{&quot;start&quot;:0,&quot;end&quot;:100}},&quot;background_motion_fx_devices&quot;:[&quot;desktop&quot;,&quot;laptop&quot;,&quot;tablet_extra&quot;,&quot;tablet&quot;,&quot;mobile_extra&quot;,&quot;mobile&quot;]}\">\n\t\t\t\t<div class=\"elementor-element elementor-element-a635c29 animated-fast elementor-invisible elementor-widget elementor-widget-heading\" data-id=\"a635c29\" data-element_type=\"widget\" data-settings=\"{&quot;_animation&quot;:&quot;fadeInUp&quot;}\" data-widget_type=\"heading.default\">\n\t\t\t\t\t<h1 class=\"elementor-heading-title elementor-size-default\">services<\/h1>\t\t\t\t<\/div>\n\t\t\t\t<div class=\"elementor-element elementor-element-c990397 animated-fast elementor-invisible elementor-widget elementor-widget-heading\" data-id=\"c990397\" data-element_type=\"widget\" data-settings=\"{&quot;_animation&quot;:&quot;fadeInUp&quot;}\" data-widget_type=\"heading.default\">\n\t\t\t\t\t<h2 class=\"elementor-heading-title elementor-size-default\"><a href=\"#first-section\">D\u00e9couvrir<\/a><\/h2>\t\t\t\t<\/div>\n\t\t\t\t<div class=\"elementor-element elementor-element-5dc6cc3 elementor-widget__width-auto animated-fast e-transform elementor-widget-divider--view-line elementor-invisible elementor-widget elementor-widget-divider\" data-id=\"5dc6cc3\" data-element_type=\"widget\" data-settings=\"{&quot;_animation&quot;:&quot;fadeInUp&quot;,&quot;_transform_rotateZ_effect&quot;:{&quot;unit&quot;:&quot;px&quot;,&quot;size&quot;:90,&quot;sizes&quot;:[]},&quot;_transform_rotateZ_effect_laptop&quot;:{&quot;unit&quot;:&quot;deg&quot;,&quot;size&quot;:&quot;&quot;,&quot;sizes&quot;:[]},&quot;_transform_rotateZ_effect_tablet_extra&quot;:{&quot;unit&quot;:&quot;deg&quot;,&quot;size&quot;:&quot;&quot;,&quot;sizes&quot;:[]},&quot;_transform_rotateZ_effect_tablet&quot;:{&quot;unit&quot;:&quot;deg&quot;,&quot;size&quot;:&quot;&quot;,&quot;sizes&quot;:[]},&quot;_transform_rotateZ_effect_mobile_extra&quot;:{&quot;unit&quot;:&quot;deg&quot;,&quot;size&quot;:&quot;&quot;,&quot;sizes&quot;:[]},&quot;_transform_rotateZ_effect_mobile&quot;:{&quot;unit&quot;:&quot;deg&quot;,&quot;size&quot;:&quot;&quot;,&quot;sizes&quot;:[]}}\" data-widget_type=\"divider.default\">\n\t\t\t\t\t\t\t<div class=\"elementor-divider\">\n\t\t\t<span class=\"elementor-divider-separator\">\n\t\t\t\t\t\t<\/span>\n\t\t<\/div>\n\t\t\t\t\t\t<\/div>\n\t\t\t\t<\/div>\n\t\t<div class=\"elementor-element elementor-element-98185f5 e-flex e-con-boxed e-con e-parent\" data-id=\"98185f5\" data-element_type=\"container\" id=\"first-section\">\n\t\t\t\t\t<div class=\"e-con-inner\">\n\t\t<div class=\"elementor-element elementor-element-6e7011f e-con-full e-flex e-con e-child\" data-id=\"6e7011f\" data-element_type=\"container\">\n\t\t\t\t<div class=\"elementor-element elementor-element-3bb93c2 elementor-widget elementor-widget-image\" data-id=\"3bb93c2\" data-element_type=\"widget\" data-widget_type=\"image.default\">\n\t\t\t\t\t\t\t\t\t\t\t\t\t\t\t<img fetchpriority=\"high\" decoding=\"async\" width=\"914\" height=\"707\" src=\"https:\/\/www.beau-rivage-hotel.ch\/wp-content\/uploads\/2024\/09\/dejeuner1.jpg\" class=\"attachment-full size-full wp-image-1117\" alt=\"\" srcset=\"https:\/\/www.beau-rivage-hotel.ch\/wp-content\/uploads\/2024\/09\/dejeuner1.jpg 914w, https:\/\/www.beau-rivage-hotel.ch\/wp-content\/uploads\/2024\/09\/dejeuner1-300x232.jpg 300w, https:\/\/www.beau-rivage-hotel.ch\/wp-content\/uploads\/2024\/09\/dejeuner1-768x594.jpg 768w\" sizes=\"(max-width: 914px) 100vw, 914px\" \/>\t\t\t\t\t\t\t\t\t\t\t\t\t\t\t<\/div>\n\t\t\t\t<\/div>\n\t\t<div class=\"elementor-element elementor-element-0d9db0b e-con-full e-flex e-con e-child\" data-id=\"0d9db0b\" data-element_type=\"container\">\n\t\t\t\t<div class=\"elementor-element elementor-element-6b00e99 elementor-widget elementor-widget-menu-anchor\" data-id=\"6b00e99\" data-element_type=\"widget\" data-widget_type=\"menu-anchor.default\">\n\t\t\t\t\t\t\t<div class=\"elementor-menu-anchor\" id=\"roomservice\"><\/div>\n\t\t\t\t\t\t<\/div>\n\t\t\t\t<div class=\"elementor-element elementor-element-b7a8085 elementor-widget elementor-widget-heading\" data-id=\"b7a8085\" data-element_type=\"widget\" data-widget_type=\"heading.default\">\n\t\t\t\t\t<h2 class=\"elementor-heading-title elementor-size-default\">Room Service \u2013 L\u2019Excellence \u00e0 Votre Porte\n<\/h2>\t\t\t\t<\/div>\n\t\t\t\t<div class=\"elementor-element elementor-element-d69628e elementor-widget elementor-widget-text-editor\" data-id=\"d69628e\" data-element_type=\"widget\" data-widget_type=\"text-editor.default\">\n\t\t\t\t\t\t\t\t\t<p class=\"p1\">Savourez une exp\u00e9rience culinaire exceptionnelle directement dans le confort de votre chambre. Que ce soit pour un d\u00e9licieux petit d\u00e9jeuner, un d\u00e9jeuner l\u00e9ger ou un d\u00eener raffin\u00e9, nous vous proposons une s\u00e9lection de plats pr\u00e9par\u00e9s avec soin.<\/p>\t\t\t\t\t\t\t\t<\/div>\n\t\t\t\t<div class=\"elementor-element elementor-element-9bb66cc animated-fast elementor-invisible elementor-widget elementor-widget-text-editor\" data-id=\"9bb66cc\" data-element_type=\"widget\" data-settings=\"{&quot;_animation&quot;:&quot;fadeInUp&quot;}\" data-widget_type=\"text-editor.default\">\n\t\t\t\t\t\t\t\t\t<p class=\"p1\">Pour d\u00e9couvrir notre offre compl\u00e8te, veuillez consulter la carte Room Service ci-dessous. Notre \u00e9quipe est engag\u00e9e \u00e0 r\u00e9pondre \u00e0 vos besoins avec une attention particuli\u00e8re pour garantir votre confort et votre satisfaction.<\/p>\t\t\t\t\t\t\t\t<\/div>\n\t\t\t\t<div class=\"elementor-element elementor-element-30a0310 elementor-widget elementor-widget-menu-anchor\" data-id=\"30a0310\" data-element_type=\"widget\" data-widget_type=\"menu-anchor.default\">\n\t\t\t\t\t\t\t<div class=\"elementor-menu-anchor\" id=\"blanchisserie\"><\/div>\n\t\t\t\t\t\t<\/div>\n\t\t\t\t<\/div>\n\t\t\t\t\t<\/div>\n\t\t\t\t<\/div>\n\t\t<div class=\"elementor-element elementor-element-08b694f e-flex e-con-boxed e-con e-parent\" data-id=\"08b694f\" data-element_type=\"container\" data-settings=\"{&quot;background_background&quot;:&quot;classic&quot;}\">\n\t\t\t\t\t<div class=\"e-con-inner\">\n\t\t<div class=\"elementor-element elementor-element-aed43c8 e-con-full e-flex e-con e-child\" data-id=\"aed43c8\" data-element_type=\"container\">\n\t\t\t\t<div class=\"elementor-element elementor-element-7fd4b4b elementor-widget elementor-widget-heading\" data-id=\"7fd4b4b\" data-element_type=\"widget\" data-widget_type=\"heading.default\">\n\t\t\t\t\t<h2 class=\"elementor-heading-title elementor-size-default\">Blanchisserie<\/h2>\t\t\t\t<\/div>\n\t\t\t\t<div class=\"elementor-element elementor-element-499a539 animated-fast elementor-invisible elementor-widget elementor-widget-text-editor\" data-id=\"499a539\" data-element_type=\"widget\" data-settings=\"{&quot;_animation&quot;:&quot;fadeInUp&quot;}\" data-widget_type=\"text-editor.default\">\n\t\t\t\t\t\t\t\t\t<p class=\"p1\">Nous vous proposons le lavage de vos v\u00eatements \u00e0 l\u2019h\u00f4tel 7j\/7 et le nettoyage \u00e0 sec du lundi au vendredi. Des sacs \u00e0 linge avec fiches d\u2019accompagnement sont \u00e0 votre disposition dans votre dressing pour y d\u00e9poser vos effets. Le linge d\u00e9pos\u00e9 jusqu\u2019\u00e0 9h vous sera restitu\u00e9 en chambre avant 18h. Pour le \u201cService Express\u201d &#8211; linge transmis d\u00e8s 11h et livr\u00e9 dans la m\u00eame journ\u00e9e -, nous facturons un suppl\u00e9ment de 50%.<\/p>\t\t\t\t\t\t\t\t<\/div>\n\t\t\t\t<\/div>\n\t\t<div class=\"elementor-element elementor-element-9505719 e-con-full e-flex e-con e-child\" data-id=\"9505719\" data-element_type=\"container\">\n\t\t\t\t<div class=\"elementor-element elementor-element-2634308 elementor-widget elementor-widget-heading\" data-id=\"2634308\" data-element_type=\"widget\" data-widget_type=\"heading.default\">\n\t\t\t\t\t<h2 class=\"elementor-heading-title elementor-size-default\">Conciergerie<\/h2>\t\t\t\t<\/div>\n\t\t\t\t<div class=\"elementor-element elementor-element-5b5fe6c animated-fast elementor-invisible elementor-widget elementor-widget-text-editor\" data-id=\"5b5fe6c\" data-element_type=\"widget\" data-settings=\"{&quot;_animation&quot;:&quot;fadeInUp&quot;}\" data-widget_type=\"text-editor.default\">\n\t\t\t\t\t\t\t\t\t<p class=\"p1\">Articles de toilette \/ Assistance bagages \/ Cirage de chaussures \/ Coursiers \/ Excursions \/ Fleurs \/ Location de v\u00e9hicules \/ Manifestations sportives \/ Massages \/ M\u00e9decin \/ Envoi de colis \/ Parapluies \/ Pharmacie \u201cpremiers secours\u201d \/ R\u00e9servation de chambres \/ R\u00e9servation de restaurants \/ Service de limousine \/ Shopping \/ Transports<\/p>\t\t\t\t\t\t\t\t<\/div>\n\t\t\t\t<\/div>\n\t\t\t\t\t<\/div>\n\t\t\t\t<\/div>\n\t\t<div class=\"elementor-element elementor-element-4c6f9c7 e-flex e-con-boxed e-con e-parent\" data-id=\"4c6f9c7\" data-element_type=\"container\">\n\t\t\t\t\t<div class=\"e-con-inner\">\n\t\t<div class=\"elementor-element elementor-element-6b3e373 e-con-full e-flex e-con e-child\" data-id=\"6b3e373\" data-element_type=\"container\">\n\t\t\t\t<div class=\"elementor-element elementor-element-9dba6cc elementor-widget elementor-widget-menu-anchor\" data-id=\"9dba6cc\" data-element_type=\"widget\" data-widget_type=\"menu-anchor.default\">\n\t\t\t\t\t\t\t<div class=\"elementor-menu-anchor\" id=\"gouvernante\"><\/div>\n\t\t\t\t\t\t<\/div>\n\t\t\t\t<div class=\"elementor-element elementor-element-c052e0a elementor-widget elementor-widget-heading\" data-id=\"c052e0a\" data-element_type=\"widget\" data-widget_type=\"heading.default\">\n\t\t\t\t\t<h2 class=\"elementor-heading-title elementor-size-default\">GOUVERNANTE <\/h2>\t\t\t\t<\/div>\n\t\t\t\t<div class=\"elementor-element elementor-element-efcf988 elementor-widget elementor-widget-text-editor\" data-id=\"efcf988\" data-element_type=\"widget\" data-widget_type=\"text-editor.default\">\n\t\t\t\t\t\t\t\t\t<p class=\"p1\">Le nettoyage de votre chambre est effectu\u00e9 entre 8h00 et 15h00 et le service du soir se fait de 18h30 \u00e0 21h00.<span class=\"Apple-converted-space\">\u00a0<\/span><\/p>\t\t\t\t\t\t\t\t<\/div>\n\t\t\t\t<div class=\"elementor-element elementor-element-6a24908 animated-fast elementor-invisible elementor-widget elementor-widget-text-editor\" data-id=\"6a24908\" data-element_type=\"widget\" data-settings=\"{&quot;_animation&quot;:&quot;fadeInUp&quot;}\" data-widget_type=\"text-editor.default\">\n\t\t\t\t\t\t\t\t\t<p class=\"p1\">Si vous souhaitez que nous fassions votre chambre \u00e0 une heure pr\u00e9cise, nous vous remercions de pr\u00e9venir notre Gouvernante . Cette derni\u00e8re tient \u00e9galement \u00e0 votre disposition les articles et prestation suivants :<\/p><p>\u00a0<\/p><p class=\"p1\">\u2022 Set de rasage<br \/>\u2022 Set dentaire\u00a0<br \/>\u2022 Couverture suppl\u00e9mentaire<br \/>\u2022 Fer et planche \u00e0 repasser<br \/>\u2022 Lit suppl\u00e9mentaire<br \/>\u2022 Lit b\u00e9b\u00e9<br \/>\u2022 Oreillers<br \/>\u2022 Travaux de couture (sur demande)<\/p>\t\t\t\t\t\t\t\t<\/div>\n\t\t\t\t<\/div>\n\t\t<div class=\"elementor-element elementor-element-d65fc04 e-con-full e-flex e-con e-child\" data-id=\"d65fc04\" data-element_type=\"container\">\n\t\t\t\t<div class=\"elementor-element elementor-element-fede7e7 elementor-widget elementor-widget-image\" data-id=\"fede7e7\" data-element_type=\"widget\" data-widget_type=\"image.default\">\n\t\t\t\t\t\t\t\t\t\t\t\t\t\t\t<img decoding=\"async\" width=\"914\" height=\"707\" src=\"https:\/\/www.beau-rivage-hotel.ch\/wp-content\/uploads\/2024\/09\/gouvernante2.jpg\" class=\"attachment-full size-full wp-image-1116\" alt=\"\" srcset=\"https:\/\/www.beau-rivage-hotel.ch\/wp-content\/uploads\/2024\/09\/gouvernante2.jpg 914w, https:\/\/www.beau-rivage-hotel.ch\/wp-content\/uploads\/2024\/09\/gouvernante2-300x232.jpg 300w, https:\/\/www.beau-rivage-hotel.ch\/wp-content\/uploads\/2024\/09\/gouvernante2-768x594.jpg 768w\" sizes=\"(max-width: 914px) 100vw, 914px\" \/>\t\t\t\t\t\t\t\t\t\t\t\t\t\t\t<\/div>\n\t\t\t\t<\/div>\n\t\t\t\t\t<\/div>\n\t\t\t\t<\/div>\n\t\t<div class=\"elementor-element elementor-element-995c0f5 e-flex e-con-boxed e-con e-parent\" data-id=\"995c0f5\" data-element_type=\"container\">\n\t\t\t\t\t<div class=\"e-con-inner\">\n\t\t<div class=\"elementor-element elementor-element-d8e2c58 e-con-full e-flex e-con e-child\" data-id=\"d8e2c58\" data-element_type=\"container\">\n\t\t\t\t<div class=\"elementor-element elementor-element-ea08955 elementor-widget elementor-widget-image\" data-id=\"ea08955\" data-element_type=\"widget\" data-widget_type=\"image.default\">\n\t\t\t\t\t\t\t\t\t\t\t\t\t\t\t<img decoding=\"async\" width=\"914\" height=\"707\" src=\"https:\/\/www.beau-rivage-hotel.ch\/wp-content\/uploads\/2024\/10\/parking1-1.jpg\" class=\"attachment-full size-full wp-image-1925\" alt=\"\" srcset=\"https:\/\/www.beau-rivage-hotel.ch\/wp-content\/uploads\/2024\/10\/parking1-1.jpg 914w, https:\/\/www.beau-rivage-hotel.ch\/wp-content\/uploads\/2024\/10\/parking1-1-300x232.jpg 300w, https:\/\/www.beau-rivage-hotel.ch\/wp-content\/uploads\/2024\/10\/parking1-1-768x594.jpg 768w, https:\/\/www.beau-rivage-hotel.ch\/wp-content\/uploads\/2024\/10\/parking1-1-16x12.jpg 16w\" sizes=\"(max-width: 914px) 100vw, 914px\" \/>\t\t\t\t\t\t\t\t\t\t\t\t\t\t\t<\/div>\n\t\t\t\t<\/div>\n\t\t<div class=\"elementor-element elementor-element-ec6069b e-con-full e-flex e-con e-child\" data-id=\"ec6069b\" data-element_type=\"container\">\n\t\t\t\t<div class=\"elementor-element elementor-element-6e92d4d elementor-widget elementor-widget-heading\" data-id=\"6e92d4d\" data-element_type=\"widget\" data-widget_type=\"heading.default\">\n\t\t\t\t\t<h2 class=\"elementor-heading-title elementor-size-default\">Parking<\/h2>\t\t\t\t<\/div>\n\t\t\t\t<div class=\"elementor-element elementor-element-821b6e0 elementor-widget elementor-widget-text-editor\" data-id=\"821b6e0\" data-element_type=\"widget\" data-widget_type=\"text-editor.default\">\n\t\t\t\t\t\t\t\t\t<p class=\"p1\">Profitez de notre commodit\u00e9 de stationnement gr\u00e2ce \u00e0 notre parking priv\u00e9 situ\u00e9 devant l\u2019h\u00f4tel au prix de CHF 35.00 par nuit.<span class=\"Apple-converted-space\">\u00a0<\/span><\/p>\t\t\t\t\t\t\t\t<\/div>\n\t\t\t\t<div class=\"elementor-element elementor-element-43c8355 animated-fast elementor-invisible elementor-widget elementor-widget-text-editor\" data-id=\"43c8355\" data-element_type=\"widget\" data-settings=\"{&quot;_animation&quot;:&quot;fadeInUp&quot;}\" data-widget_type=\"text-editor.default\">\n\t\t\t\t\t\t\t\t\t<p class=\"p1\"><span class=\"s1\">Un parking public offre quant \u00e0 lui 450 places avec un acc\u00e8s direct par ascenseur dans notre hall. Pour votre confort, dirigez-vous devant l\u2019entr\u00e9e de notre \u00e9tablissement o\u00f9 nos portiers auront le plaisir de prendre en charge vos bagages et de stationner votre v\u00e9hicule avec le plus grand soin.<\/span><\/p>\t\t\t\t\t\t\t\t<\/div>\n\t\t\t\t<\/div>\n\t\t\t\t\t<\/div>\n\t\t\t\t<\/div>\n\t\t\t\t<\/div>\n\t\t","protected":false},"excerpt":{"rendered":"<p>services D\u00e9couvrir Room Service \u2013 L\u2019Excellence \u00e0 Votre Porte Savourez une exp\u00e9rience culinaire exceptionnelle directement dans le confort de votre chambre. Que ce soit pour un d\u00e9licieux petit d\u00e9jeuner, un d\u00e9jeuner l\u00e9ger ou un d\u00eener raffin\u00e9, nous vous proposons une s\u00e9lection de plats pr\u00e9par\u00e9s avec soin. Pour d\u00e9couvrir notre offre compl\u00e8te, veuillez consulter la carte [&hellip;]<\/p>\n","protected":false},"author":1,"featured_media":1117,"parent":0,"menu_order":0,"comment_status":"closed","ping_status":"closed","template":"","meta":{"_acf_changed":false,"footnotes":""},"class_list":["post-1104","page","type-page","status-publish","has-post-thumbnail","hentry"],"acf":[],"yoast_head":"<!-- This site is optimized with the Yoast SEO plugin v24.8.1 - https:\/\/yoast.com\/wordpress\/plugins\/seo\/ -->\n<title>Nos services - Beau-Rivage Hotel *****<\/title>\n<meta name=\"description\" content=\"Profitez de services haut de gamme au Beau-Rivage Hotel : room service, conciergerie, blanchisserie et bien plus encore.\" \/>\n<meta name=\"robots\" content=\"index, follow, max-snippet:-1, max-image-preview:large, max-video-preview:-1\" \/>\n<link rel=\"canonical\" href=\"https:\/\/www.beau-rivage-hotel.ch\/en\/services-2\/\" \/>\n<meta property=\"og:locale\" content=\"en_US\" \/>\n<meta property=\"og:type\" content=\"article\" \/>\n<meta property=\"og:title\" content=\"Nos services - Beau-Rivage Hotel *****\" \/>\n<meta property=\"og:description\" content=\"Profitez de services haut de gamme au Beau-Rivage Hotel : room service, conciergerie, blanchisserie et bien plus encore.\" \/>\n<meta property=\"og:url\" content=\"https:\/\/www.beau-rivage-hotel.ch\/en\/services-2\/\" \/>\n<meta property=\"og:site_name\" content=\"Beau-Rivage Hotel ***** Neuch\u00e2tel en Suisse\" \/>\n<meta property=\"article:modified_time\" content=\"2025-04-09T09:42:55+00:00\" \/>\n<meta property=\"og:image\" content=\"https:\/\/www.beau-rivage-hotel.ch\/wp-content\/uploads\/2024\/09\/dejeuner1.jpg\" \/>\n\t<meta property=\"og:image:width\" content=\"914\" \/>\n\t<meta property=\"og:image:height\" content=\"707\" \/>\n\t<meta property=\"og:image:type\" content=\"image\/jpeg\" \/>\n<meta name=\"twitter:card\" content=\"summary_large_image\" \/>\n<meta name=\"twitter:label1\" content=\"Est. reading time\" \/>\n\t<meta name=\"twitter:data1\" content=\"3 minutes\" \/>\n<script type=\"application\/ld+json\" class=\"yoast-schema-graph\">{\"@context\":\"https:\/\/schema.org\",\"@graph\":[{\"@type\":\"WebPage\",\"@id\":\"https:\/\/www.beau-rivage-hotel.ch\/services-2\/\",\"url\":\"https:\/\/www.beau-rivage-hotel.ch\/services-2\/\",\"name\":\"Nos services - Beau-Rivage Hotel *****\",\"isPartOf\":{\"@id\":\"https:\/\/www.beau-rivage-hotel.ch\/#website\"},\"primaryImageOfPage\":{\"@id\":\"https:\/\/www.beau-rivage-hotel.ch\/services-2\/#primaryimage\"},\"image\":{\"@id\":\"https:\/\/www.beau-rivage-hotel.ch\/services-2\/#primaryimage\"},\"thumbnailUrl\":\"https:\/\/www.beau-rivage-hotel.ch\/wp-content\/uploads\/2024\/09\/dejeuner1.jpg\",\"datePublished\":\"2024-09-12T07:16:53+00:00\",\"dateModified\":\"2025-04-09T09:42:55+00:00\",\"description\":\"Profitez de services haut de gamme au Beau-Rivage Hotel : room service, conciergerie, blanchisserie et bien plus encore.\",\"breadcrumb\":{\"@id\":\"https:\/\/www.beau-rivage-hotel.ch\/services-2\/#breadcrumb\"},\"inLanguage\":\"en-US\",\"potentialAction\":[{\"@type\":\"ReadAction\",\"target\":[\"https:\/\/www.beau-rivage-hotel.ch\/services-2\/\"]}]},{\"@type\":\"ImageObject\",\"inLanguage\":\"en-US\",\"@id\":\"https:\/\/www.beau-rivage-hotel.ch\/services-2\/#primaryimage\",\"url\":\"https:\/\/www.beau-rivage-hotel.ch\/wp-content\/uploads\/2024\/09\/dejeuner1.jpg\",\"contentUrl\":\"https:\/\/www.beau-rivage-hotel.ch\/wp-content\/uploads\/2024\/09\/dejeuner1.jpg\",\"width\":914,\"height\":707},{\"@type\":\"BreadcrumbList\",\"@id\":\"https:\/\/www.beau-rivage-hotel.ch\/services-2\/#breadcrumb\",\"itemListElement\":[{\"@type\":\"ListItem\",\"position\":1,\"name\":\"Accueil\",\"item\":\"https:\/\/www.beau-rivage-hotel.ch\/\"},{\"@type\":\"ListItem\",\"position\":2,\"name\":\"Services\"}]},{\"@type\":\"WebSite\",\"@id\":\"https:\/\/www.beau-rivage-hotel.ch\/#website\",\"url\":\"https:\/\/www.beau-rivage-hotel.ch\/\",\"name\":\"Beau-Rivage Hotel ***** Neuch\u00e2tel en Suisse\",\"description\":\"Au bord du lac de Neuch\u00e2tel, le Beau-Rivage Hotel. Un cinq \u00e9toiles pour go\u00fbter \u00e0 la douceur de vivre et d\u00e9couvrir un des plus beaux panoramas de Suisse.\",\"publisher\":{\"@id\":\"https:\/\/www.beau-rivage-hotel.ch\/#organization\"},\"potentialAction\":[{\"@type\":\"SearchAction\",\"target\":{\"@type\":\"EntryPoint\",\"urlTemplate\":\"https:\/\/www.beau-rivage-hotel.ch\/?s={search_term_string}\"},\"query-input\":{\"@type\":\"PropertyValueSpecification\",\"valueRequired\":true,\"valueName\":\"search_term_string\"}}],\"inLanguage\":\"en-US\"},{\"@type\":\"Organization\",\"@id\":\"https:\/\/www.beau-rivage-hotel.ch\/#organization\",\"name\":\"Beau-Rivage Hotel ***** Neuch\u00e2tel en Suisse\",\"url\":\"https:\/\/www.beau-rivage-hotel.ch\/\",\"logo\":{\"@type\":\"ImageObject\",\"inLanguage\":\"en-US\",\"@id\":\"https:\/\/www.beau-rivage-hotel.ch\/#\/schema\/logo\/image\/\",\"url\":\"https:\/\/www.beau-rivage-hotel.ch\/wp-content\/uploads\/2024\/08\/logo_final.png\",\"contentUrl\":\"https:\/\/www.beau-rivage-hotel.ch\/wp-content\/uploads\/2024\/08\/logo_final.png\",\"width\":293,\"height\":111,\"caption\":\"Beau-Rivage Hotel ***** Neuch\u00e2tel en Suisse\"},\"image\":{\"@id\":\"https:\/\/www.beau-rivage-hotel.ch\/#\/schema\/logo\/image\/\"},\"sameAs\":[\"https:\/\/www.instagram.com\/beaurivageneuchatel\/\",\"https:\/\/www.linkedin.com\/company\/beau-rivage-hotel-neuchatel\/?originalSubdomain=ch\"]}]}<\/script>\n<!-- \/ Yoast SEO plugin. -->","yoast_head_json":{"title":"Nos services - Beau-Rivage Hotel *****","description":"Profitez de services haut de gamme au Beau-Rivage Hotel : room service, conciergerie, blanchisserie et bien plus encore.","robots":{"index":"index","follow":"follow","max-snippet":"max-snippet:-1","max-image-preview":"max-image-preview:large","max-video-preview":"max-video-preview:-1"},"canonical":"https:\/\/www.beau-rivage-hotel.ch\/en\/services-2\/","og_locale":"en_US","og_type":"article","og_title":"Nos services - Beau-Rivage Hotel *****","og_description":"Profitez de services haut de gamme au Beau-Rivage Hotel : room service, conciergerie, blanchisserie et bien plus encore.","og_url":"https:\/\/www.beau-rivage-hotel.ch\/en\/services-2\/","og_site_name":"Beau-Rivage Hotel ***** Neuch\u00e2tel en Suisse","article_modified_time":"2025-04-09T09:42:55+00:00","og_image":[{"width":914,"height":707,"url":"https:\/\/www.beau-rivage-hotel.ch\/wp-content\/uploads\/2024\/09\/dejeuner1.jpg","type":"image\/jpeg"}],"twitter_card":"summary_large_image","twitter_misc":{"Est. reading time":"3 minutes"},"schema":{"@context":"https:\/\/schema.org","@graph":[{"@type":"WebPage","@id":"https:\/\/www.beau-rivage-hotel.ch\/services-2\/","url":"https:\/\/www.beau-rivage-hotel.ch\/services-2\/","name":"Nos services - Beau-Rivage Hotel *****","isPartOf":{"@id":"https:\/\/www.beau-rivage-hotel.ch\/#website"},"primaryImageOfPage":{"@id":"https:\/\/www.beau-rivage-hotel.ch\/services-2\/#primaryimage"},"image":{"@id":"https:\/\/www.beau-rivage-hotel.ch\/services-2\/#primaryimage"},"thumbnailUrl":"https:\/\/www.beau-rivage-hotel.ch\/wp-content\/uploads\/2024\/09\/dejeuner1.jpg","datePublished":"2024-09-12T07:16:53+00:00","dateModified":"2025-04-09T09:42:55+00:00","description":"Profitez de services haut de gamme au Beau-Rivage Hotel : room service, conciergerie, blanchisserie et bien plus encore.","breadcrumb":{"@id":"https:\/\/www.beau-rivage-hotel.ch\/services-2\/#breadcrumb"},"inLanguage":"en-US","potentialAction":[{"@type":"ReadAction","target":["https:\/\/www.beau-rivage-hotel.ch\/services-2\/"]}]},{"@type":"ImageObject","inLanguage":"en-US","@id":"https:\/\/www.beau-rivage-hotel.ch\/services-2\/#primaryimage","url":"https:\/\/www.beau-rivage-hotel.ch\/wp-content\/uploads\/2024\/09\/dejeuner1.jpg","contentUrl":"https:\/\/www.beau-rivage-hotel.ch\/wp-content\/uploads\/2024\/09\/dejeuner1.jpg","width":914,"height":707},{"@type":"BreadcrumbList","@id":"https:\/\/www.beau-rivage-hotel.ch\/services-2\/#breadcrumb","itemListElement":[{"@type":"ListItem","position":1,"name":"Accueil","item":"https:\/\/www.beau-rivage-hotel.ch\/"},{"@type":"ListItem","position":2,"name":"Services"}]},{"@type":"WebSite","@id":"https:\/\/www.beau-rivage-hotel.ch\/#website","url":"https:\/\/www.beau-rivage-hotel.ch\/","name":"Beau-Rivage Hotel ***** Neuch\u00e2tel en Suisse","description":"Au bord du lac de Neuch\u00e2tel, le Beau-Rivage Hotel. Un cinq \u00e9toiles pour go\u00fbter \u00e0 la douceur de vivre et d\u00e9couvrir un des plus beaux panoramas de Suisse.","publisher":{"@id":"https:\/\/www.beau-rivage-hotel.ch\/#organization"},"potentialAction":[{"@type":"SearchAction","target":{"@type":"EntryPoint","urlTemplate":"https:\/\/www.beau-rivage-hotel.ch\/?s={search_term_string}"},"query-input":{"@type":"PropertyValueSpecification","valueRequired":true,"valueName":"search_term_string"}}],"inLanguage":"en-US"},{"@type":"Organization","@id":"https:\/\/www.beau-rivage-hotel.ch\/#organization","name":"Beau-Rivage Hotel ***** Neuch\u00e2tel en Suisse","url":"https:\/\/www.beau-rivage-hotel.ch\/","logo":{"@type":"ImageObject","inLanguage":"en-US","@id":"https:\/\/www.beau-rivage-hotel.ch\/#\/schema\/logo\/image\/","url":"https:\/\/www.beau-rivage-hotel.ch\/wp-content\/uploads\/2024\/08\/logo_final.png","contentUrl":"https:\/\/www.beau-rivage-hotel.ch\/wp-content\/uploads\/2024\/08\/logo_final.png","width":293,"height":111,"caption":"Beau-Rivage Hotel ***** Neuch\u00e2tel en Suisse"},"image":{"@id":"https:\/\/www.beau-rivage-hotel.ch\/#\/schema\/logo\/image\/"},"sameAs":["https:\/\/www.instagram.com\/beaurivageneuchatel\/","https:\/\/www.linkedin.com\/company\/beau-rivage-hotel-neuchatel\/?originalSubdomain=ch"]}]}},"_links":{"self":[{"href":"https:\/\/www.beau-rivage-hotel.ch\/en\/wp-json\/wp\/v2\/pages\/1104","targetHints":{"allow":["GET"]}}],"collection":[{"href":"https:\/\/www.beau-rivage-hotel.ch\/en\/wp-json\/wp\/v2\/pages"}],"about":[{"href":"https:\/\/www.beau-rivage-hotel.ch\/en\/wp-json\/wp\/v2\/types\/page"}],"author":[{"embeddable":true,"href":"https:\/\/www.beau-rivage-hotel.ch\/en\/wp-json\/wp\/v2\/users\/1"}],"replies":[{"embeddable":true,"href":"https:\/\/www.beau-rivage-hotel.ch\/en\/wp-json\/wp\/v2\/comments?post=1104"}],"version-history":[{"count":48,"href":"https:\/\/www.beau-rivage-hotel.ch\/en\/wp-json\/wp\/v2\/pages\/1104\/revisions"}],"predecessor-version":[{"id":3000,"href":"https:\/\/www.beau-rivage-hotel.ch\/en\/wp-json\/wp\/v2\/pages\/1104\/revisions\/3000"}],"wp:featuredmedia":[{"embeddable":true,"href":"https:\/\/www.beau-rivage-hotel.ch\/en\/wp-json\/wp\/v2\/media\/1117"}],"wp:attachment":[{"href":"https:\/\/www.beau-rivage-hotel.ch\/en\/wp-json\/wp\/v2\/media?parent=1104"}],"curies":[{"name":"wp","href":"https:\/\/api.w.org\/{rel}","templated":true}]}}