{"id":288,"date":"2024-08-12T11:29:24","date_gmt":"2024-08-12T09:29:24","guid":{"rendered":"http:\/\/www.beau-rivage-hotel.ch\/?page_id=288"},"modified":"2025-04-09T11:04:14","modified_gmt":"2025-04-09T09:04:14","slug":"actualites","status":"publish","type":"page","link":"https:\/\/www.beau-rivage-hotel.ch\/de\/actualites\/","title":{"rendered":"Nachrichten"},"content":{"rendered":"<div data-elementor-type=\"wp-page\" data-elementor-id=\"288\" class=\"elementor elementor-288\" data-elementor-post-type=\"page\">\n\t\t\t\t<div class=\"elementor-element elementor-element-36ca8da e-con-full e-flex e-con e-parent\" data-id=\"36ca8da\" data-element_type=\"container\" data-settings=\"{&quot;background_background&quot;:&quot;classic&quot;}\">\n\t\t\t\t<div class=\"elementor-element elementor-element-a635c29 animated-fast elementor-invisible elementor-widget elementor-widget-heading\" data-id=\"a635c29\" data-element_type=\"widget\" data-settings=\"{&quot;_animation&quot;:&quot;fadeInUp&quot;}\" data-widget_type=\"heading.default\">\n\t\t\t\t\t<h1 class=\"elementor-heading-title elementor-size-default\">Nachrichten<\/h1>\t\t\t\t<\/div>\n\t\t\t\t<div class=\"elementor-element elementor-element-c990397 animated-fast elementor-invisible elementor-widget elementor-widget-heading\" data-id=\"c990397\" data-element_type=\"widget\" data-settings=\"{&quot;_animation&quot;:&quot;fadeInUp&quot;}\" data-widget_type=\"heading.default\">\n\t\t\t\t\t<h2 class=\"elementor-heading-title elementor-size-default\"><a href=\"#first-section\">Entdecken Sie<\/a><\/h2>\t\t\t\t<\/div>\n\t\t\t\t<div class=\"elementor-element elementor-element-5dc6cc3 elementor-widget__width-auto animated-fast e-transform elementor-widget-divider--view-line elementor-invisible elementor-widget elementor-widget-divider\" data-id=\"5dc6cc3\" data-element_type=\"widget\" data-settings=\"{&quot;_animation&quot;:&quot;fadeInUp&quot;,&quot;_transform_rotateZ_effect&quot;:{&quot;unit&quot;:&quot;px&quot;,&quot;size&quot;:90,&quot;sizes&quot;:[]},&quot;_transform_rotateZ_effect_laptop&quot;:{&quot;unit&quot;:&quot;deg&quot;,&quot;size&quot;:&quot;&quot;,&quot;sizes&quot;:[]},&quot;_transform_rotateZ_effect_tablet_extra&quot;:{&quot;unit&quot;:&quot;deg&quot;,&quot;size&quot;:&quot;&quot;,&quot;sizes&quot;:[]},&quot;_transform_rotateZ_effect_tablet&quot;:{&quot;unit&quot;:&quot;deg&quot;,&quot;size&quot;:&quot;&quot;,&quot;sizes&quot;:[]},&quot;_transform_rotateZ_effect_mobile_extra&quot;:{&quot;unit&quot;:&quot;deg&quot;,&quot;size&quot;:&quot;&quot;,&quot;sizes&quot;:[]},&quot;_transform_rotateZ_effect_mobile&quot;:{&quot;unit&quot;:&quot;deg&quot;,&quot;size&quot;:&quot;&quot;,&quot;sizes&quot;:[]}}\" data-widget_type=\"divider.default\">\n\t\t\t\t\t\t\t<div class=\"elementor-divider\">\n\t\t\t<span class=\"elementor-divider-separator\">\n\t\t\t\t\t\t<\/span>\n\t\t<\/div>\n\t\t\t\t\t\t<\/div>\n\t\t\t\t<\/div>\n\t\t<div class=\"elementor-element elementor-element-54e2c3e e-flex e-con-boxed e-con e-parent\" data-id=\"54e2c3e\" data-element_type=\"container\" id=\"first-section\">\n\t\t\t\t\t<div class=\"e-con-inner\">\n\t\t<div class=\"elementor-element elementor-element-3b68ce9 e-con-full e-flex e-con e-child\" data-id=\"3b68ce9\" data-element_type=\"container\">\n\t\t\t\t<div class=\"elementor-element elementor-element-3b23bc8 elementor-widget elementor-widget-image\" data-id=\"3b23bc8\" data-element_type=\"widget\" data-widget_type=\"image.default\">\n\t\t\t\t\t\t\t\t\t\t\t\t\t\t\t<img fetchpriority=\"high\" decoding=\"async\" width=\"1349\" height=\"956\" src=\"https:\/\/www.beau-rivage-hotel.ch\/wp-content\/uploads\/2024\/09\/verriere_BR.jpg\" class=\"attachment-full size-full wp-image-1191\" alt=\"\" srcset=\"https:\/\/www.beau-rivage-hotel.ch\/wp-content\/uploads\/2024\/09\/verriere_BR.jpg 1349w, https:\/\/www.beau-rivage-hotel.ch\/wp-content\/uploads\/2024\/09\/verriere_BR-300x213.jpg 300w, https:\/\/www.beau-rivage-hotel.ch\/wp-content\/uploads\/2024\/09\/verriere_BR-1024x726.jpg 1024w, https:\/\/www.beau-rivage-hotel.ch\/wp-content\/uploads\/2024\/09\/verriere_BR-768x544.jpg 768w\" sizes=\"(max-width: 1349px) 100vw, 1349px\" \/>\t\t\t\t\t\t\t\t\t\t\t\t\t\t\t<\/div>\n\t\t\t\t<\/div>\n\t\t<div class=\"elementor-element elementor-element-d246bf7 e-con-full e-flex e-con e-child\" data-id=\"d246bf7\" data-element_type=\"container\">\n\t\t<div class=\"elementor-element elementor-element-83c7fc7 e-con-full e-flex e-con e-child\" data-id=\"83c7fc7\" data-element_type=\"container\">\n\t\t\t\t<div class=\"elementor-element elementor-element-400ca87 animated-fast elementor-invisible elementor-widget elementor-widget-heading\" data-id=\"400ca87\" data-element_type=\"widget\" data-settings=\"{&quot;_animation&quot;:&quot;fadeInUp&quot;}\" data-widget_type=\"heading.default\">\n\t\t\t\t\t<h2 class=\"elementor-heading-title elementor-size-default\">Das Hotel Beau-Rivage wird ein riesiges Glasdach bauen<\/h2>\t\t\t\t<\/div>\n\t\t\t\t<div class=\"elementor-element elementor-element-5c878c4 animated-fast elementor-invisible elementor-widget elementor-widget-text-editor\" data-id=\"5c878c4\" data-element_type=\"widget\" data-settings=\"{&quot;_animation&quot;:&quot;fadeInUp&quot;}\" data-widget_type=\"text-editor.default\">\n\t\t\t\t\t\t\t\t\t<p class=\"p1\">Das Beau-Rivage Hotel in Neuch\u00e2tel wird die Arbeiten von <br \/>Umgestaltung zur Verbesserung des Zugangs zur Einrichtung <br \/>und den Komfort der G\u00e4ste<\/p>\t\t\t\t\t\t\t\t<\/div>\n\t\t\t\t<div class=\"elementor-element elementor-element-f4c2926 animated-fast elementor-invisible elementor-widget elementor-widget-text-editor\" data-id=\"f4c2926\" data-element_type=\"widget\" data-settings=\"{&quot;_animation&quot;:&quot;fadeInUp&quot;}\" data-widget_type=\"text-editor.default\">\n\t\t\t\t\t\t\t\t\t<p class=\"p1\"><span class=\"s1\">Ein riesiges Glasdach. Das Beau-Rivage Hotel in Neuch\u00e2tel plant den Bau einer Veranda. Es soll auf der Westseite anstelle der derzeitigen Veranda und der Au\u00dfenterrasse errichtet werden und sich entlang der S\u00fcdfassade des Hotels in unmittelbarer N\u00e4he des Sees fortsetzen.<\/span><\/p>\t\t\t\t\t\t\t\t<\/div>\n\t\t\t\t<div class=\"elementor-element elementor-element-99b22f1 elementor-align-left elementor-widget elementor-widget-button\" data-id=\"99b22f1\" data-element_type=\"widget\" data-widget_type=\"button.default\">\n\t\t\t\t\t\t\t\t\t\t<a class=\"elementor-button elementor-button-link elementor-size-sm\" href=\"https:\/\/www.arcinfo.ch\/neuchatel-canton\/littoral\/neuchatel-commune\/neuchatel-lhotel-beau-rivage-va-construire-une-vaste-verriere-1243010\" target=\"_blank\">\n\t\t\t\t\t\t<span class=\"elementor-button-content-wrapper\">\n\t\t\t\t\t\t\t\t\t<span class=\"elementor-button-text\">LESEN SIE DEN ARTIKEL \u2192.<\/span>\n\t\t\t\t\t<\/span>\n\t\t\t\t\t<\/a>\n\t\t\t\t\t\t\t\t<\/div>\n\t\t\t\t<div class=\"elementor-element elementor-element-f9d6eb2 elementor-widget-divider--view-line elementor-widget elementor-widget-divider\" data-id=\"f9d6eb2\" data-element_type=\"widget\" data-widget_type=\"divider.default\">\n\t\t\t\t\t\t\t<div class=\"elementor-divider\">\n\t\t\t<span class=\"elementor-divider-separator\">\n\t\t\t\t\t\t<\/span>\n\t\t<\/div>\n\t\t\t\t\t\t<\/div>\n\t\t\t\t<\/div>\n\t\t\t\t<\/div>\n\t\t\t\t\t<\/div>\n\t\t\t\t<\/div>\n\t\t\t\t<\/div>","protected":false},"excerpt":{"rendered":"<p>Actualit\u00e9s D\u00e9couvrir L\u2019h\u00f4tel Beau-Rivage va construire une vaste verri\u00e8re Le Beau-Rivage Hotel, \u00e0 Neuch\u00e2tel, va mener des travaux de r\u00e9am\u00e9nagement destin\u00e9s \u00e0 am\u00e9liorer les acc\u00e8s \u00e0 l\u2019\u00e9tablissement et le confort des clients Une immense verri\u00e8re. C\u2019est ce que pr\u00e9voit de construire le Beau-Rivage Hotel, \u00e0 Neuch\u00e2tel. Elle sera am\u00e9nag\u00e9e c\u00f4t\u00e9 ouest, en lieu et place [&hellip;]<\/p>\n","protected":false},"author":1,"featured_media":2265,"parent":0,"menu_order":0,"comment_status":"closed","ping_status":"closed","template":"","meta":{"_acf_changed":false,"footnotes":""},"class_list":["post-288","page","type-page","status-publish","has-post-thumbnail","hentry"],"acf":[],"yoast_head":"<!-- This site is optimized with the Yoast SEO plugin v24.8.1 - https:\/\/yoast.com\/wordpress\/plugins\/seo\/ -->\n<title>Actualit\u00e9s - Beau-Rivage Hotel ***** Neuch\u00e2tel en Suisse<\/title>\n<meta name=\"description\" content=\"Restez inform\u00e9 des derni\u00e8res nouveaut\u00e9s et \u00e9v\u00e9nements du Beau-Rivage Hotel en consultant notre page actualit\u00e9s.\" \/>\n<meta name=\"robots\" content=\"index, follow, max-snippet:-1, max-image-preview:large, max-video-preview:-1\" \/>\n<link rel=\"canonical\" href=\"https:\/\/www.beau-rivage-hotel.ch\/de\/actualites\/\" \/>\n<meta property=\"og:locale\" content=\"de_DE\" \/>\n<meta property=\"og:type\" content=\"article\" \/>\n<meta property=\"og:title\" content=\"Actualit\u00e9s - Beau-Rivage Hotel ***** Neuch\u00e2tel en Suisse\" \/>\n<meta property=\"og:description\" content=\"Restez inform\u00e9 des derni\u00e8res nouveaut\u00e9s et \u00e9v\u00e9nements du Beau-Rivage Hotel en consultant notre page actualit\u00e9s.\" \/>\n<meta property=\"og:url\" content=\"https:\/\/www.beau-rivage-hotel.ch\/de\/actualites\/\" \/>\n<meta property=\"og:site_name\" content=\"Beau-Rivage Hotel ***** Neuch\u00e2tel en Suisse\" \/>\n<meta property=\"article:modified_time\" content=\"2025-04-09T09:04:14+00:00\" \/>\n<meta property=\"og:image\" content=\"https:\/\/www.beau-rivage-hotel.ch\/wp-content\/uploads\/2024\/11\/DJI_0693-HDR.jpg\" \/>\n\t<meta property=\"og:image:width\" content=\"2000\" \/>\n\t<meta property=\"og:image:height\" content=\"1498\" \/>\n\t<meta property=\"og:image:type\" content=\"image\/jpeg\" \/>\n<meta name=\"twitter:card\" content=\"summary_large_image\" \/>\n<meta name=\"twitter:label1\" content=\"Gesch\u00e4tzte Lesezeit\" \/>\n\t<meta name=\"twitter:data1\" content=\"1\u00a0Minute\" \/>\n<script type=\"application\/ld+json\" class=\"yoast-schema-graph\">{\"@context\":\"https:\/\/schema.org\",\"@graph\":[{\"@type\":\"WebPage\",\"@id\":\"https:\/\/www.beau-rivage-hotel.ch\/actualites\/\",\"url\":\"https:\/\/www.beau-rivage-hotel.ch\/actualites\/\",\"name\":\"Actualit\u00e9s - Beau-Rivage Hotel ***** Neuch\u00e2tel en Suisse\",\"isPartOf\":{\"@id\":\"https:\/\/www.beau-rivage-hotel.ch\/#website\"},\"primaryImageOfPage\":{\"@id\":\"https:\/\/www.beau-rivage-hotel.ch\/actualites\/#primaryimage\"},\"image\":{\"@id\":\"https:\/\/www.beau-rivage-hotel.ch\/actualites\/#primaryimage\"},\"thumbnailUrl\":\"https:\/\/www.beau-rivage-hotel.ch\/wp-content\/uploads\/2024\/11\/DJI_0693-HDR.jpg\",\"datePublished\":\"2024-08-12T09:29:24+00:00\",\"dateModified\":\"2025-04-09T09:04:14+00:00\",\"description\":\"Restez inform\u00e9 des derni\u00e8res nouveaut\u00e9s et \u00e9v\u00e9nements du Beau-Rivage Hotel en consultant notre page actualit\u00e9s.\",\"breadcrumb\":{\"@id\":\"https:\/\/www.beau-rivage-hotel.ch\/actualites\/#breadcrumb\"},\"inLanguage\":\"de-CH\",\"potentialAction\":[{\"@type\":\"ReadAction\",\"target\":[\"https:\/\/www.beau-rivage-hotel.ch\/actualites\/\"]}]},{\"@type\":\"ImageObject\",\"inLanguage\":\"de-CH\",\"@id\":\"https:\/\/www.beau-rivage-hotel.ch\/actualites\/#primaryimage\",\"url\":\"https:\/\/www.beau-rivage-hotel.ch\/wp-content\/uploads\/2024\/11\/DJI_0693-HDR.jpg\",\"contentUrl\":\"https:\/\/www.beau-rivage-hotel.ch\/wp-content\/uploads\/2024\/11\/DJI_0693-HDR.jpg\",\"width\":2000,\"height\":1498},{\"@type\":\"BreadcrumbList\",\"@id\":\"https:\/\/www.beau-rivage-hotel.ch\/actualites\/#breadcrumb\",\"itemListElement\":[{\"@type\":\"ListItem\",\"position\":1,\"name\":\"Accueil\",\"item\":\"https:\/\/www.beau-rivage-hotel.ch\/\"},{\"@type\":\"ListItem\",\"position\":2,\"name\":\"Actualit\u00e9s\"}]},{\"@type\":\"WebSite\",\"@id\":\"https:\/\/www.beau-rivage-hotel.ch\/#website\",\"url\":\"https:\/\/www.beau-rivage-hotel.ch\/\",\"name\":\"Beau-Rivage Hotel ***** Neuch\u00e2tel en Suisse\",\"description\":\"Au bord du lac de Neuch\u00e2tel, le Beau-Rivage Hotel. Un cinq \u00e9toiles pour go\u00fbter \u00e0 la douceur de vivre et d\u00e9couvrir un des plus beaux panoramas de Suisse.\",\"publisher\":{\"@id\":\"https:\/\/www.beau-rivage-hotel.ch\/#organization\"},\"potentialAction\":[{\"@type\":\"SearchAction\",\"target\":{\"@type\":\"EntryPoint\",\"urlTemplate\":\"https:\/\/www.beau-rivage-hotel.ch\/?s={search_term_string}\"},\"query-input\":{\"@type\":\"PropertyValueSpecification\",\"valueRequired\":true,\"valueName\":\"search_term_string\"}}],\"inLanguage\":\"de-CH\"},{\"@type\":\"Organization\",\"@id\":\"https:\/\/www.beau-rivage-hotel.ch\/#organization\",\"name\":\"Beau-Rivage Hotel ***** Neuch\u00e2tel en Suisse\",\"url\":\"https:\/\/www.beau-rivage-hotel.ch\/\",\"logo\":{\"@type\":\"ImageObject\",\"inLanguage\":\"de-CH\",\"@id\":\"https:\/\/www.beau-rivage-hotel.ch\/#\/schema\/logo\/image\/\",\"url\":\"https:\/\/www.beau-rivage-hotel.ch\/wp-content\/uploads\/2024\/08\/logo_final.png\",\"contentUrl\":\"https:\/\/www.beau-rivage-hotel.ch\/wp-content\/uploads\/2024\/08\/logo_final.png\",\"width\":293,\"height\":111,\"caption\":\"Beau-Rivage Hotel ***** Neuch\u00e2tel en Suisse\"},\"image\":{\"@id\":\"https:\/\/www.beau-rivage-hotel.ch\/#\/schema\/logo\/image\/\"},\"sameAs\":[\"https:\/\/www.instagram.com\/beaurivageneuchatel\/\",\"https:\/\/www.linkedin.com\/company\/beau-rivage-hotel-neuchatel\/?originalSubdomain=ch\"]}]}<\/script>\n<!-- \/ Yoast SEO plugin. -->","yoast_head_json":{"title":"Actualit\u00e9s - Beau-Rivage Hotel ***** Neuch\u00e2tel en Suisse","description":"Restez inform\u00e9 des derni\u00e8res nouveaut\u00e9s et \u00e9v\u00e9nements du Beau-Rivage Hotel en consultant notre page actualit\u00e9s.","robots":{"index":"index","follow":"follow","max-snippet":"max-snippet:-1","max-image-preview":"max-image-preview:large","max-video-preview":"max-video-preview:-1"},"canonical":"https:\/\/www.beau-rivage-hotel.ch\/de\/actualites\/","og_locale":"de_DE","og_type":"article","og_title":"Actualit\u00e9s - Beau-Rivage Hotel ***** Neuch\u00e2tel en Suisse","og_description":"Restez inform\u00e9 des derni\u00e8res nouveaut\u00e9s et \u00e9v\u00e9nements du Beau-Rivage Hotel en consultant notre page actualit\u00e9s.","og_url":"https:\/\/www.beau-rivage-hotel.ch\/de\/actualites\/","og_site_name":"Beau-Rivage Hotel ***** Neuch\u00e2tel en Suisse","article_modified_time":"2025-04-09T09:04:14+00:00","og_image":[{"width":2000,"height":1498,"url":"https:\/\/www.beau-rivage-hotel.ch\/wp-content\/uploads\/2024\/11\/DJI_0693-HDR.jpg","type":"image\/jpeg"}],"twitter_card":"summary_large_image","twitter_misc":{"Gesch\u00e4tzte Lesezeit":"1\u00a0Minute"},"schema":{"@context":"https:\/\/schema.org","@graph":[{"@type":"WebPage","@id":"https:\/\/www.beau-rivage-hotel.ch\/actualites\/","url":"https:\/\/www.beau-rivage-hotel.ch\/actualites\/","name":"Actualit\u00e9s - Beau-Rivage Hotel ***** Neuch\u00e2tel en Suisse","isPartOf":{"@id":"https:\/\/www.beau-rivage-hotel.ch\/#website"},"primaryImageOfPage":{"@id":"https:\/\/www.beau-rivage-hotel.ch\/actualites\/#primaryimage"},"image":{"@id":"https:\/\/www.beau-rivage-hotel.ch\/actualites\/#primaryimage"},"thumbnailUrl":"https:\/\/www.beau-rivage-hotel.ch\/wp-content\/uploads\/2024\/11\/DJI_0693-HDR.jpg","datePublished":"2024-08-12T09:29:24+00:00","dateModified":"2025-04-09T09:04:14+00:00","description":"Restez inform\u00e9 des derni\u00e8res nouveaut\u00e9s et \u00e9v\u00e9nements du Beau-Rivage Hotel en consultant notre page actualit\u00e9s.","breadcrumb":{"@id":"https:\/\/www.beau-rivage-hotel.ch\/actualites\/#breadcrumb"},"inLanguage":"de-CH","potentialAction":[{"@type":"ReadAction","target":["https:\/\/www.beau-rivage-hotel.ch\/actualites\/"]}]},{"@type":"ImageObject","inLanguage":"de-CH","@id":"https:\/\/www.beau-rivage-hotel.ch\/actualites\/#primaryimage","url":"https:\/\/www.beau-rivage-hotel.ch\/wp-content\/uploads\/2024\/11\/DJI_0693-HDR.jpg","contentUrl":"https:\/\/www.beau-rivage-hotel.ch\/wp-content\/uploads\/2024\/11\/DJI_0693-HDR.jpg","width":2000,"height":1498},{"@type":"BreadcrumbList","@id":"https:\/\/www.beau-rivage-hotel.ch\/actualites\/#breadcrumb","itemListElement":[{"@type":"ListItem","position":1,"name":"Accueil","item":"https:\/\/www.beau-rivage-hotel.ch\/"},{"@type":"ListItem","position":2,"name":"Actualit\u00e9s"}]},{"@type":"WebSite","@id":"https:\/\/www.beau-rivage-hotel.ch\/#website","url":"https:\/\/www.beau-rivage-hotel.ch\/","name":"Beau-Rivage Hotel ***** Neuch\u00e2tel en Suisse","description":"Au bord du lac de Neuch\u00e2tel, le Beau-Rivage Hotel. Un cinq \u00e9toiles pour go\u00fbter \u00e0 la douceur de vivre et d\u00e9couvrir un des plus beaux panoramas de Suisse.","publisher":{"@id":"https:\/\/www.beau-rivage-hotel.ch\/#organization"},"potentialAction":[{"@type":"SearchAction","target":{"@type":"EntryPoint","urlTemplate":"https:\/\/www.beau-rivage-hotel.ch\/?s={search_term_string}"},"query-input":{"@type":"PropertyValueSpecification","valueRequired":true,"valueName":"search_term_string"}}],"inLanguage":"de-CH"},{"@type":"Organization","@id":"https:\/\/www.beau-rivage-hotel.ch\/#organization","name":"Beau-Rivage Hotel ***** Neuch\u00e2tel en Suisse","url":"https:\/\/www.beau-rivage-hotel.ch\/","logo":{"@type":"ImageObject","inLanguage":"de-CH","@id":"https:\/\/www.beau-rivage-hotel.ch\/#\/schema\/logo\/image\/","url":"https:\/\/www.beau-rivage-hotel.ch\/wp-content\/uploads\/2024\/08\/logo_final.png","contentUrl":"https:\/\/www.beau-rivage-hotel.ch\/wp-content\/uploads\/2024\/08\/logo_final.png","width":293,"height":111,"caption":"Beau-Rivage Hotel ***** Neuch\u00e2tel en Suisse"},"image":{"@id":"https:\/\/www.beau-rivage-hotel.ch\/#\/schema\/logo\/image\/"},"sameAs":["https:\/\/www.instagram.com\/beaurivageneuchatel\/","https:\/\/www.linkedin.com\/company\/beau-rivage-hotel-neuchatel\/?originalSubdomain=ch"]}]}},"_links":{"self":[{"href":"https:\/\/www.beau-rivage-hotel.ch\/de\/wp-json\/wp\/v2\/pages\/288","targetHints":{"allow":["GET"]}}],"collection":[{"href":"https:\/\/www.beau-rivage-hotel.ch\/de\/wp-json\/wp\/v2\/pages"}],"about":[{"href":"https:\/\/www.beau-rivage-hotel.ch\/de\/wp-json\/wp\/v2\/types\/page"}],"author":[{"embeddable":true,"href":"https:\/\/www.beau-rivage-hotel.ch\/de\/wp-json\/wp\/v2\/users\/1"}],"replies":[{"embeddable":true,"href":"https:\/\/www.beau-rivage-hotel.ch\/de\/wp-json\/wp\/v2\/comments?post=288"}],"version-history":[{"count":38,"href":"https:\/\/www.beau-rivage-hotel.ch\/de\/wp-json\/wp\/v2\/pages\/288\/revisions"}],"predecessor-version":[{"id":2978,"href":"https:\/\/www.beau-rivage-hotel.ch\/de\/wp-json\/wp\/v2\/pages\/288\/revisions\/2978"}],"wp:featuredmedia":[{"embeddable":true,"href":"https:\/\/www.beau-rivage-hotel.ch\/de\/wp-json\/wp\/v2\/media\/2265"}],"wp:attachment":[{"href":"https:\/\/www.beau-rivage-hotel.ch\/de\/wp-json\/wp\/v2\/media?parent=288"}],"curies":[{"name":"wp","href":"https:\/\/api.w.org\/{rel}","templated":true}]}}